{"id":7139,"date":"2025-07-31T12:14:51","date_gmt":"2025-07-31T10:14:51","guid":{"rendered":"https:\/\/www.selectirente.com\/?page_id=7139"},"modified":"2026-02-19T10:54:36","modified_gmt":"2026-02-19T09:54:36","slug":"investor-presentation","status":"publish","type":"page","link":"https:\/\/www.selectirente.com\/en\/investor-presentation\/","title":{"rendered":"Investor presentation"},"content":{"rendered":"<p>[vc_row][vc_column width=&#8221;1\/4&#8243;][vc_single_image image=&#8221;7151&#8243; img_size=&#8221;medium&#8221; onclick=&#8221;custom_link&#8221; img_link_target=&#8221;_blank&#8221; link=&#8221;https:\/\/www.selectirente.com\/wp-content\/uploads\/2026\/02\/Selectirente_Investor-presentation-February-2026.pdf&#8221;][\/vc_column][vc_column width=&#8221;3\/4&#8243;][vc_column_text]<span style=\"color: #00611a;\"><span style=\"font-size: 24px;\"><b>Investor presentation &#8211; Annual results 2025<\/b><\/span><\/span><\/p>\n<p><span style=\"color: #000000; font-size: 14px;\"><b>February 2026<\/b><\/span>[\/vc_column_text][vc_empty_space height=&#8221;15px&#8221;]<div class=\" ubtn-ctn-left \"><a class=\"ubtn-link ult-adjust-bottom-margin ubtn-left ubtn-normal \" href=\"https:\/\/www.selectirente.com\/wp-content\/uploads\/2026\/02\/Selectirente_Investor-presentation-February-2026.pdf\" title=\"Download\" target=\"_blank\" rel=\"noopener\" ><button type=\"button\" id=\"ubtn-5239\"  class=\"ubtn ult-adjust-bottom-margin ult-responsive ubtn-normal ubtn-fade-bg  none  ubtn-left   tooltip-69f2eed523c9e\"  data-hover=\"\" data-border-color=\"\" data-bg=\"#00611a\" data-hover-bg=\"rgba(0,97,26,0.85)\" data-border-hover=\"\" data-shadow-hover=\"\" data-shadow-click=\"none\" data-shadow=\"\" data-shd-shadow=\"\"  data-ultimate-target='#ubtn-5239'  data-responsive-json-new='{\"font-size\":\"\",\"line-height\":\"\"}'  style=\"font-weight:normal;border:none;background: #00611a;color: #ffffff;\"><span class=\"ubtn-hover\" style=\"background-color:rgba(0,97,26,0.85)\"><\/span><span class=\"ubtn-data ubtn-text \" >Download<\/span><\/button><\/a><\/div>[\/vc_column][\/vc_row][vc_row][vc_column][vc_empty_space][\/vc_column][\/vc_row][vc_row][vc_column width=&#8221;1\/4&#8243;][vc_single_image image=&#8221;7151&#8243; img_size=&#8221;medium&#8221; onclick=&#8221;custom_link&#8221; img_link_target=&#8221;_blank&#8221; link=&#8221;https:\/\/www.selectirente.com\/wp-content\/uploads\/2026\/02\/Selectirente_Investor-presentation_October-2025-v1.pdf&#8221;][\/vc_column][vc_column width=&#8221;3\/4&#8243;][vc_column_text]<span style=\"color: #00611a;\"><span style=\"font-size: 24px;\"><b>Investor presentation &#8211; Half Year 2025<\/b><\/span><\/span><\/p>\n<p><span style=\"color: #000000; font-size: 14px;\"><b>October 2025<\/b><\/span>[\/vc_column_text][vc_empty_space height=&#8221;15px&#8221;]<div class=\" ubtn-ctn-left \"><a class=\"ubtn-link ult-adjust-bottom-margin ubtn-left ubtn-normal \" href=\"https:\/\/www.selectirente.com\/wp-content\/uploads\/2026\/02\/Selectirente_Investor-presentation_October-2025-v1.pdf\" title=\"Download\" target=\"_blank\" rel=\"noopener\" ><button type=\"button\" id=\"ubtn-2108\"  class=\"ubtn ult-adjust-bottom-margin ult-responsive ubtn-normal ubtn-fade-bg  none  ubtn-left   tooltip-69f2eed523d3c\"  data-hover=\"\" data-border-color=\"\" data-bg=\"#00611a\" data-hover-bg=\"rgba(0,97,26,0.85)\" data-border-hover=\"\" data-shadow-hover=\"\" data-shadow-click=\"none\" data-shadow=\"\" data-shd-shadow=\"\"  data-ultimate-target='#ubtn-2108'  data-responsive-json-new='{\"font-size\":\"\",\"line-height\":\"\"}'  style=\"font-weight:normal;border:none;background: #00611a;color: #ffffff;\"><span class=\"ubtn-hover\" style=\"background-color:rgba(0,97,26,0.85)\"><\/span><span class=\"ubtn-data ubtn-text \" >Download<\/span><\/button><\/a><\/div>[\/vc_column][\/vc_row][vc_row][vc_column][vc_empty_space][\/vc_column][\/vc_row][vc_row][vc_column width=&#8221;1\/4&#8243;][vc_single_image image=&#8221;7153&#8243; img_size=&#8221;medium&#8221; onclick=&#8221;custom_link&#8221; img_link_target=&#8221;_blank&#8221; link=&#8221;https:\/\/www.selectirente.com\/wp-content\/uploads\/2025\/03\/Selectirente-Investor-presentation-February-2025.pdf&#8221;][\/vc_column][vc_column width=&#8221;3\/4&#8243;][vc_column_text]<span style=\"color: #00611a;\"><span style=\"font-size: 24px;\"><b>Investor presentation &#8211; Annual results 2024<\/b><\/span><\/span><\/p>\n<p><span style=\"color: #000000; font-size: 14px;\"><b>February 2025<\/b><\/span>[\/vc_column_text][vc_empty_space height=&#8221;15px&#8221;]<div class=\" ubtn-ctn-left \"><a class=\"ubtn-link ult-adjust-bottom-margin ubtn-left ubtn-normal \" href=\"https:\/\/www.selectirente.com\/wp-content\/uploads\/2025\/03\/Selectirente-Investor-presentation-February-2025.pdf\" title=\"Download\" target=\"_blank\" rel=\"noopener\" ><button type=\"button\" id=\"ubtn-8421\"  class=\"ubtn ult-adjust-bottom-margin ult-responsive ubtn-normal ubtn-fade-bg  none  ubtn-left   tooltip-69f2eed523da3\"  data-hover=\"\" data-border-color=\"\" data-bg=\"#00611a\" data-hover-bg=\"rgba(0,97,26,0.85)\" data-border-hover=\"\" data-shadow-hover=\"\" data-shadow-click=\"none\" data-shadow=\"\" data-shd-shadow=\"\"  data-ultimate-target='#ubtn-8421'  data-responsive-json-new='{\"font-size\":\"\",\"line-height\":\"\"}'  style=\"font-weight:normal;border:none;background: #00611a;color: #ffffff;\"><span class=\"ubtn-hover\" style=\"background-color:rgba(0,97,26,0.85)\"><\/span><span class=\"ubtn-data ubtn-text \" >Download<\/span><\/button><\/a><\/div>[\/vc_column][\/vc_row][vc_row][vc_column][vc_empty_space][\/vc_column][\/vc_row][vc_row][vc_column width=&#8221;1\/4&#8243;][vc_single_image image=&#8221;7192&#8243; img_size=&#8221;medium&#8221; onclick=&#8221;custom_link&#8221; img_link_target=&#8221;_blank&#8221; link=&#8221;https:\/\/www.selectirente.com\/wp-content\/uploads\/2025\/08\/S1-2024-EN-investor-presentation-july.pdf&#8221;][\/vc_column][vc_column width=&#8221;3\/4&#8243;][vc_column_text]<span style=\"color: #00611a;\"><span style=\"font-size: 24px;\"><b>Investor presentation &#8211; Half Year 2024<\/b><\/span><\/span><\/p>\n<p><span style=\"color: #000000; font-size: 14px;\"><b>July 2024<\/b><\/span>[\/vc_column_text][vc_empty_space height=&#8221;15px&#8221;]<div class=\" ubtn-ctn-left \"><a class=\"ubtn-link ult-adjust-bottom-margin ubtn-left ubtn-normal \" href=\"https:\/\/www.selectirente.com\/wp-content\/uploads\/2025\/08\/S1-2024-EN-investor-presentation-july.pdf\" title=\"Download\" target=\"_blank\" rel=\"noopener\" ><button type=\"button\" id=\"ubtn-6310\"  class=\"ubtn ult-adjust-bottom-margin ult-responsive ubtn-normal ubtn-fade-bg  none  ubtn-left   tooltip-69f2eed523dff\"  data-hover=\"\" data-border-color=\"\" data-bg=\"#00611a\" data-hover-bg=\"rgba(0,97,26,0.85)\" data-border-hover=\"\" data-shadow-hover=\"\" data-shadow-click=\"none\" data-shadow=\"\" data-shd-shadow=\"\"  data-ultimate-target='#ubtn-6310'  data-responsive-json-new='{\"font-size\":\"\",\"line-height\":\"\"}'  style=\"font-weight:normal;border:none;background: #00611a;color: #ffffff;\"><span class=\"ubtn-hover\" style=\"background-color:rgba(0,97,26,0.85)\"><\/span><span class=\"ubtn-data ubtn-text \" >Download<\/span><\/button><\/a><\/div>[\/vc_column][\/vc_row][vc_row][vc_column][vc_empty_space][\/vc_column][\/vc_row][vc_row][vc_column width=&#8221;1\/4&#8243;][vc_single_image image=&#8221;7197&#8243; img_size=&#8221;medium&#8221; onclick=&#8221;custom_link&#8221; img_link_target=&#8221;_blank&#8221; link=&#8221;https:\/\/www.selectirente.com\/wp-content\/uploads\/2025\/08\/S1-2023-EN-investor-presentation-july.pdf&#8221;][\/vc_column][vc_column width=&#8221;3\/4&#8243;][vc_column_text]<span style=\"color: #00611a;\"><span style=\"font-size: 24px;\"><b>Investor presentation &#8211; Half Year 2023<\/b><\/span><\/span><\/p>\n<p><span style=\"color: #000000; font-size: 14px;\"><b>July 2023<\/b><\/span>[\/vc_column_text][vc_empty_space height=&#8221;15px&#8221;]<div class=\" ubtn-ctn-left \"><a class=\"ubtn-link ult-adjust-bottom-margin ubtn-left ubtn-normal \" href=\"https:\/\/www.selectirente.com\/wp-content\/uploads\/2025\/08\/S1-2023-EN-investor-presentation-july.pdf\" title=\"Download\" target=\"_blank\" rel=\"noopener\" ><button type=\"button\" id=\"ubtn-9284\"  class=\"ubtn ult-adjust-bottom-margin ult-responsive ubtn-normal ubtn-fade-bg  none  ubtn-left   tooltip-69f2eed523e8e\"  data-hover=\"\" data-border-color=\"\" data-bg=\"#00611a\" data-hover-bg=\"rgba(0,97,26,0.85)\" data-border-hover=\"\" data-shadow-hover=\"\" data-shadow-click=\"none\" data-shadow=\"\" data-shd-shadow=\"\"  data-ultimate-target='#ubtn-9284'  data-responsive-json-new='{\"font-size\":\"\",\"line-height\":\"\"}'  style=\"font-weight:normal;border:none;background: #00611a;color: #ffffff;\"><span class=\"ubtn-hover\" style=\"background-color:rgba(0,97,26,0.85)\"><\/span><span class=\"ubtn-data ubtn-text \" >Download<\/span><\/button><\/a><\/div>[\/vc_column][\/vc_row][vc_row][vc_column][vc_empty_space][\/vc_column][\/vc_row][vc_row][vc_column width=&#8221;1\/4&#8243;][vc_single_image image=&#8221;7202&#8243; img_size=&#8221;medium&#8221; onclick=&#8221;custom_link&#8221; img_link_target=&#8221;_blank&#8221; link=&#8221;https:\/\/www.selectirente.com\/wp-content\/uploads\/2025\/08\/Annual-results-2022.pdf&#8221;][\/vc_column][vc_column width=&#8221;3\/4&#8243;][vc_column_text]<span style=\"color: #00611a;\"><span style=\"font-size: 24px;\"><b>Investor presentation &#8211; Annual results 2022<\/b><\/span><\/span><\/p>\n<p><span style=\"color: #000000; font-size: 14px;\"><b>February 2023<\/b><\/span>[\/vc_column_text][vc_empty_space height=&#8221;15px&#8221;]<div class=\" ubtn-ctn-left \"><a class=\"ubtn-link ult-adjust-bottom-margin ubtn-left ubtn-normal \" href=\"https:\/\/www.selectirente.com\/wp-content\/uploads\/2025\/08\/Annual-results-2022.pdf\" title=\"Download\" target=\"_blank\" rel=\"noopener\" ><button type=\"button\" id=\"ubtn-1837\"  class=\"ubtn ult-adjust-bottom-margin ult-responsive ubtn-normal ubtn-fade-bg  none  ubtn-left   tooltip-69f2eed523eb3\"  data-hover=\"\" data-border-color=\"\" data-bg=\"#00611a\" data-hover-bg=\"rgba(0,97,26,0.85)\" data-border-hover=\"\" data-shadow-hover=\"\" data-shadow-click=\"none\" data-shadow=\"\" data-shd-shadow=\"\"  data-ultimate-target='#ubtn-1837'  data-responsive-json-new='{\"font-size\":\"\",\"line-height\":\"\"}'  style=\"font-weight:normal;border:none;background: #00611a;color: #ffffff;\"><span class=\"ubtn-hover\" style=\"background-color:rgba(0,97,26,0.85)\"><\/span><span class=\"ubtn-data ubtn-text \" >Download<\/span><\/button><\/a><\/div>[\/vc_column][\/vc_row]<\/p>\n","protected":false},"excerpt":{"rendered":"<p>[vc_row][vc_column width=&#8221;1\/4&#8243;][vc_single_image image=&#8221;7151&#8243; img_size=&#8221;medium&#8221; onclick=&#8221;custom_link&#8221; img_link_target=&#8221;_blank&#8221; link=&#8221;https:\/\/www.selectirente.com\/wp-content\/uploads\/2026\/02\/Selectirente_Investor-presentation-February-2026.pdf&#8221;][\/vc_column][vc_column width=&#8221;3\/4&#8243;][vc_column_text]Investor presentation &#8211; Annual results 2025 February 2026[\/vc_column_text][vc_empty_space height=&#8221;15px&#8221;][\/vc_column][\/vc_row][vc_row][vc_column][vc_empty_space][\/vc_column][\/vc_row][vc_row][vc_column width=&#8221;1\/4&#8243;][vc_single_image image=&#8221;7151&#8243; img_size=&#8221;medium&#8221; onclick=&#8221;custom_link&#8221; img_link_target=&#8221;_blank&#8221; link=&#8221;https:\/\/www.selectirente.com\/wp-content\/uploads\/2026\/02\/Selectirente_Investor-presentation_October-2025-v1.pdf&#8221;][\/vc_column][vc_column width=&#8221;3\/4&#8243;][vc_column_text]Investor presentation &#8211; Half Year 2025 October 2025[\/vc_column_text][vc_empty_space height=&#8221;15px&#8221;][\/vc_column][\/vc_row][vc_row][vc_column][vc_empty_space][\/vc_column][\/vc_row][vc_row][vc_column width=&#8221;1\/4&#8243;][vc_single_image image=&#8221;7153&#8243; img_size=&#8221;medium&#8221; onclick=&#8221;custom_link&#8221; img_link_target=&#8221;_blank&#8221; link=&#8221;https:\/\/www.selectirente.com\/wp-content\/uploads\/2025\/03\/Selectirente-Investor-presentation-February-2025.pdf&#8221;][\/vc_column][vc_column width=&#8221;3\/4&#8243;][vc_column_text]Investor presentation &#8211; Annual results 2024 February 2025[\/vc_column_text][vc_empty_space height=&#8221;15px&#8221;][\/vc_column][\/vc_row][vc_row][vc_column][vc_empty_space][\/vc_column][\/vc_row][vc_row][vc_column width=&#8221;1\/4&#8243;][vc_single_image image=&#8221;7192&#8243; img_size=&#8221;medium&#8221; onclick=&#8221;custom_link&#8221; img_link_target=&#8221;_blank&#8221; link=&#8221;https:\/\/www.selectirente.com\/wp-content\/uploads\/2025\/08\/S1-2024-EN-investor-presentation-july.pdf&#8221;][\/vc_column][vc_column width=&#8221;3\/4&#8243;][vc_column_text]Investor presentation &#8211; [&hellip;]<\/p>\n","protected":false},"author":5,"featured_media":0,"parent":0,"menu_order":0,"comment_status":"closed","ping_status":"closed","template":"","meta":{"om_disable_all_campaigns":false,"footnotes":"","_links_to":"","_links_to_target":""},"class_list":["post-7139","page","type-page","status-publish","hentry","no-post-thumbnail"],"yoast_head":"<!-- This site is optimized with the Yoast SEO plugin v27.1.1 - https:\/\/yoast.com\/product\/yoast-seo-wordpress\/ -->\n<title>Investor presentation | Selectirente<\/title>\n<meta name=\"robots\" content=\"index, follow, max-snippet:-1, max-image-preview:large, max-video-preview:-1\" \/>\n<link rel=\"canonical\" href=\"https:\/\/www.selectirente.com\/en\/investor-presentation\/\" \/>\n<meta property=\"og:locale\" content=\"en_US\" \/>\n<meta property=\"og:type\" content=\"article\" \/>\n<meta property=\"og:title\" content=\"Investor presentation | Selectirente\" \/>\n<meta property=\"og:description\" content=\"[vc_row][vc_column width=&#8221;1\/4&#8243;][vc_single_image image=&#8221;7151&#8243; img_size=&#8221;medium&#8221; onclick=&#8221;custom_link&#8221; img_link_target=&#8221;_blank&#8221; link=&#8221;https:\/\/www.selectirente.com\/wp-content\/uploads\/2026\/02\/Selectirente_Investor-presentation-February-2026.pdf&#8221;][\/vc_column][vc_column width=&#8221;3\/4&#8243;][vc_column_text]Investor presentation &#8211; Annual results 2025 February 2026[\/vc_column_text][vc_empty_space height=&#8221;15px&#8221;][\/vc_column][\/vc_row][vc_row][vc_column][vc_empty_space][\/vc_column][\/vc_row][vc_row][vc_column width=&#8221;1\/4&#8243;][vc_single_image image=&#8221;7151&#8243; img_size=&#8221;medium&#8221; onclick=&#8221;custom_link&#8221; img_link_target=&#8221;_blank&#8221; link=&#8221;https:\/\/www.selectirente.com\/wp-content\/uploads\/2026\/02\/Selectirente_Investor-presentation_October-2025-v1.pdf&#8221;][\/vc_column][vc_column width=&#8221;3\/4&#8243;][vc_column_text]Investor presentation &#8211; Half Year 2025 October 2025[\/vc_column_text][vc_empty_space height=&#8221;15px&#8221;][\/vc_column][\/vc_row][vc_row][vc_column][vc_empty_space][\/vc_column][\/vc_row][vc_row][vc_column width=&#8221;1\/4&#8243;][vc_single_image image=&#8221;7153&#8243; img_size=&#8221;medium&#8221; onclick=&#8221;custom_link&#8221; img_link_target=&#8221;_blank&#8221; link=&#8221;https:\/\/www.selectirente.com\/wp-content\/uploads\/2025\/03\/Selectirente-Investor-presentation-February-2025.pdf&#8221;][\/vc_column][vc_column width=&#8221;3\/4&#8243;][vc_column_text]Investor presentation &#8211; Annual results 2024 February 2025[\/vc_column_text][vc_empty_space height=&#8221;15px&#8221;][\/vc_column][\/vc_row][vc_row][vc_column][vc_empty_space][\/vc_column][\/vc_row][vc_row][vc_column width=&#8221;1\/4&#8243;][vc_single_image image=&#8221;7192&#8243; img_size=&#8221;medium&#8221; onclick=&#8221;custom_link&#8221; img_link_target=&#8221;_blank&#8221; link=&#8221;https:\/\/www.selectirente.com\/wp-content\/uploads\/2025\/08\/S1-2024-EN-investor-presentation-july.pdf&#8221;][\/vc_column][vc_column width=&#8221;3\/4&#8243;][vc_column_text]Investor presentation &#8211; [&hellip;]\" \/>\n<meta property=\"og:url\" content=\"https:\/\/www.selectirente.com\/en\/investor-presentation\/\" \/>\n<meta property=\"og:site_name\" content=\"Selectirente\" \/>\n<meta property=\"article:modified_time\" content=\"2026-02-19T09:54:36+00:00\" \/>\n<meta name=\"twitter:card\" content=\"summary_large_image\" \/>\n<meta name=\"twitter:label1\" content=\"Est. reading time\" \/>\n\t<meta name=\"twitter:data1\" content=\"2 minutes\" \/>\n<script type=\"application\/ld+json\" class=\"yoast-schema-graph\">{\"@context\":\"https:\/\/schema.org\",\"@graph\":[{\"@type\":\"WebPage\",\"@id\":\"https:\/\/www.selectirente.com\/en\/investor-presentation\/\",\"url\":\"https:\/\/www.selectirente.com\/en\/investor-presentation\/\",\"name\":\"Investor presentation | Selectirente\",\"isPartOf\":{\"@id\":\"https:\/\/www.selectirente.com\/#website\"},\"datePublished\":\"2025-07-31T10:14:51+00:00\",\"dateModified\":\"2026-02-19T09:54:36+00:00\",\"breadcrumb\":{\"@id\":\"https:\/\/www.selectirente.com\/en\/investor-presentation\/#breadcrumb\"},\"inLanguage\":\"en-US\",\"potentialAction\":[{\"@type\":\"ReadAction\",\"target\":[\"https:\/\/www.selectirente.com\/en\/investor-presentation\/\"]}]},{\"@type\":\"BreadcrumbList\",\"@id\":\"https:\/\/www.selectirente.com\/en\/investor-presentation\/#breadcrumb\",\"itemListElement\":[{\"@type\":\"ListItem\",\"position\":1,\"name\":\"Home\",\"item\":\"https:\/\/www.selectirente.com\/en\/\"},{\"@type\":\"ListItem\",\"position\":2,\"name\":\"Investor presentation\"}]},{\"@type\":\"WebSite\",\"@id\":\"https:\/\/www.selectirente.com\/#website\",\"url\":\"https:\/\/www.selectirente.com\/\",\"name\":\"Selectirente\",\"description\":\"Selectirente, la fonci\u00e8re sp\u00e9cialis\u00e9e en murs de commerces\",\"publisher\":{\"@id\":\"https:\/\/www.selectirente.com\/#organization\"},\"potentialAction\":[{\"@type\":\"SearchAction\",\"target\":{\"@type\":\"EntryPoint\",\"urlTemplate\":\"https:\/\/www.selectirente.com\/?s={search_term_string}\"},\"query-input\":{\"@type\":\"PropertyValueSpecification\",\"valueRequired\":true,\"valueName\":\"search_term_string\"}}],\"inLanguage\":\"en-US\"},{\"@type\":\"Organization\",\"@id\":\"https:\/\/www.selectirente.com\/#organization\",\"name\":\"Selectirente\",\"url\":\"https:\/\/www.selectirente.com\/\",\"logo\":{\"@type\":\"ImageObject\",\"inLanguage\":\"en-US\",\"@id\":\"https:\/\/www.selectirente.com\/#\/schema\/logo\/image\/\",\"url\":\"https:\/\/www.selectirente.com\/wp-content\/uploads\/2017\/10\/logo-selectirente.png\",\"contentUrl\":\"https:\/\/www.selectirente.com\/wp-content\/uploads\/2017\/10\/logo-selectirente.png\",\"width\":280,\"height\":35,\"caption\":\"Selectirente\"},\"image\":{\"@id\":\"https:\/\/www.selectirente.com\/#\/schema\/logo\/image\/\"}}]}<\/script>\n<!-- \/ Yoast SEO plugin. -->","yoast_head_json":{"title":"Investor presentation | Selectirente","robots":{"index":"index","follow":"follow","max-snippet":"max-snippet:-1","max-image-preview":"max-image-preview:large","max-video-preview":"max-video-preview:-1"},"canonical":"https:\/\/www.selectirente.com\/en\/investor-presentation\/","og_locale":"en_US","og_type":"article","og_title":"Investor presentation | Selectirente","og_description":"[vc_row][vc_column width=&#8221;1\/4&#8243;][vc_single_image image=&#8221;7151&#8243; img_size=&#8221;medium&#8221; onclick=&#8221;custom_link&#8221; img_link_target=&#8221;_blank&#8221; link=&#8221;https:\/\/www.selectirente.com\/wp-content\/uploads\/2026\/02\/Selectirente_Investor-presentation-February-2026.pdf&#8221;][\/vc_column][vc_column width=&#8221;3\/4&#8243;][vc_column_text]Investor presentation &#8211; Annual results 2025 February 2026[\/vc_column_text][vc_empty_space height=&#8221;15px&#8221;][\/vc_column][\/vc_row][vc_row][vc_column][vc_empty_space][\/vc_column][\/vc_row][vc_row][vc_column width=&#8221;1\/4&#8243;][vc_single_image image=&#8221;7151&#8243; img_size=&#8221;medium&#8221; onclick=&#8221;custom_link&#8221; img_link_target=&#8221;_blank&#8221; link=&#8221;https:\/\/www.selectirente.com\/wp-content\/uploads\/2026\/02\/Selectirente_Investor-presentation_October-2025-v1.pdf&#8221;][\/vc_column][vc_column width=&#8221;3\/4&#8243;][vc_column_text]Investor presentation &#8211; Half Year 2025 October 2025[\/vc_column_text][vc_empty_space height=&#8221;15px&#8221;][\/vc_column][\/vc_row][vc_row][vc_column][vc_empty_space][\/vc_column][\/vc_row][vc_row][vc_column width=&#8221;1\/4&#8243;][vc_single_image image=&#8221;7153&#8243; img_size=&#8221;medium&#8221; onclick=&#8221;custom_link&#8221; img_link_target=&#8221;_blank&#8221; link=&#8221;https:\/\/www.selectirente.com\/wp-content\/uploads\/2025\/03\/Selectirente-Investor-presentation-February-2025.pdf&#8221;][\/vc_column][vc_column width=&#8221;3\/4&#8243;][vc_column_text]Investor presentation &#8211; Annual results 2024 February 2025[\/vc_column_text][vc_empty_space height=&#8221;15px&#8221;][\/vc_column][\/vc_row][vc_row][vc_column][vc_empty_space][\/vc_column][\/vc_row][vc_row][vc_column width=&#8221;1\/4&#8243;][vc_single_image image=&#8221;7192&#8243; img_size=&#8221;medium&#8221; onclick=&#8221;custom_link&#8221; img_link_target=&#8221;_blank&#8221; link=&#8221;https:\/\/www.selectirente.com\/wp-content\/uploads\/2025\/08\/S1-2024-EN-investor-presentation-july.pdf&#8221;][\/vc_column][vc_column width=&#8221;3\/4&#8243;][vc_column_text]Investor presentation &#8211; [&hellip;]","og_url":"https:\/\/www.selectirente.com\/en\/investor-presentation\/","og_site_name":"Selectirente","article_modified_time":"2026-02-19T09:54:36+00:00","twitter_card":"summary_large_image","twitter_misc":{"Est. reading time":"2 minutes"},"schema":{"@context":"https:\/\/schema.org","@graph":[{"@type":"WebPage","@id":"https:\/\/www.selectirente.com\/en\/investor-presentation\/","url":"https:\/\/www.selectirente.com\/en\/investor-presentation\/","name":"Investor presentation | Selectirente","isPartOf":{"@id":"https:\/\/www.selectirente.com\/#website"},"datePublished":"2025-07-31T10:14:51+00:00","dateModified":"2026-02-19T09:54:36+00:00","breadcrumb":{"@id":"https:\/\/www.selectirente.com\/en\/investor-presentation\/#breadcrumb"},"inLanguage":"en-US","potentialAction":[{"@type":"ReadAction","target":["https:\/\/www.selectirente.com\/en\/investor-presentation\/"]}]},{"@type":"BreadcrumbList","@id":"https:\/\/www.selectirente.com\/en\/investor-presentation\/#breadcrumb","itemListElement":[{"@type":"ListItem","position":1,"name":"Home","item":"https:\/\/www.selectirente.com\/en\/"},{"@type":"ListItem","position":2,"name":"Investor presentation"}]},{"@type":"WebSite","@id":"https:\/\/www.selectirente.com\/#website","url":"https:\/\/www.selectirente.com\/","name":"Selectirente","description":"Selectirente, la fonci\u00e8re sp\u00e9cialis\u00e9e en murs de commerces","publisher":{"@id":"https:\/\/www.selectirente.com\/#organization"},"potentialAction":[{"@type":"SearchAction","target":{"@type":"EntryPoint","urlTemplate":"https:\/\/www.selectirente.com\/?s={search_term_string}"},"query-input":{"@type":"PropertyValueSpecification","valueRequired":true,"valueName":"search_term_string"}}],"inLanguage":"en-US"},{"@type":"Organization","@id":"https:\/\/www.selectirente.com\/#organization","name":"Selectirente","url":"https:\/\/www.selectirente.com\/","logo":{"@type":"ImageObject","inLanguage":"en-US","@id":"https:\/\/www.selectirente.com\/#\/schema\/logo\/image\/","url":"https:\/\/www.selectirente.com\/wp-content\/uploads\/2017\/10\/logo-selectirente.png","contentUrl":"https:\/\/www.selectirente.com\/wp-content\/uploads\/2017\/10\/logo-selectirente.png","width":280,"height":35,"caption":"Selectirente"},"image":{"@id":"https:\/\/www.selectirente.com\/#\/schema\/logo\/image\/"}}]}},"_links":{"self":[{"href":"https:\/\/www.selectirente.com\/en\/wp-json\/wp\/v2\/pages\/7139","targetHints":{"allow":["GET"]}}],"collection":[{"href":"https:\/\/www.selectirente.com\/en\/wp-json\/wp\/v2\/pages"}],"about":[{"href":"https:\/\/www.selectirente.com\/en\/wp-json\/wp\/v2\/types\/page"}],"author":[{"embeddable":true,"href":"https:\/\/www.selectirente.com\/en\/wp-json\/wp\/v2\/users\/5"}],"replies":[{"embeddable":true,"href":"https:\/\/www.selectirente.com\/en\/wp-json\/wp\/v2\/comments?post=7139"}],"version-history":[{"count":9,"href":"https:\/\/www.selectirente.com\/en\/wp-json\/wp\/v2\/pages\/7139\/revisions"}],"predecessor-version":[{"id":7506,"href":"https:\/\/www.selectirente.com\/en\/wp-json\/wp\/v2\/pages\/7139\/revisions\/7506"}],"wp:attachment":[{"href":"https:\/\/www.selectirente.com\/en\/wp-json\/wp\/v2\/media?parent=7139"}],"curies":[{"name":"wp","href":"https:\/\/api.w.org\/{rel}","templated":true}]}}