{"id":6741,"date":"2025-02-13T18:38:55","date_gmt":"2025-02-13T17:38:55","guid":{"rendered":"https:\/\/www.selectirente.com\/?page_id=6741"},"modified":"2026-02-24T11:08:37","modified_gmt":"2026-02-24T10:08:37","slug":"annual-results","status":"publish","type":"page","link":"https:\/\/www.selectirente.com\/en\/annual-results\/","title":{"rendered":"Annual results"},"content":{"rendered":"<p>[vc_row][vc_column width=&#8221;1\/4&#8243;][vc_single_image image=&#8221;6759&#8243; img_size=&#8221;medium&#8221; onclick=&#8221;custom_link&#8221; img_link_target=&#8221;_blank&#8221; link=&#8221;https:\/\/www.selectirente.com\/wp-content\/uploads\/2026\/02\/260212_Selectirente_SFAF-presentation_EN-version.pdf&#8221;][\/vc_column][vc_column width=&#8221;3\/4&#8243;][vc_column_text]<span style=\"font-size: 18pt; color: #00611a;\"><strong>2025 annual results<\/strong><\/span><br \/>\nFebruary, 12th 2026[\/vc_column_text][vc_empty_space height=&#8221;15px&#8221;]<div class=\" ubtn-ctn-left \"><a class=\"ubtn-link ult-adjust-bottom-margin ubtn-left ubtn-normal \" href=\"https:\/\/www.selectirente.com\/wp-content\/uploads\/2026\/02\/260212_Selectirente_SFAF-presentation_EN-version.pdf\" title=\"Download\" target=\"_blank\" rel=\"noopener\" ><button type=\"button\" id=\"ubtn-6764\"  class=\"ubtn ult-adjust-bottom-margin ult-responsive ubtn-normal ubtn-fade-bg  none  ubtn-left   tooltip-69ddfb6a1cc80\"  data-hover=\"\" data-border-color=\"\" data-bg=\"#00611a\" data-hover-bg=\"rgba(0,97,26,0.85)\" data-border-hover=\"\" data-shadow-hover=\"\" data-shadow-click=\"none\" data-shadow=\"\" data-shd-shadow=\"\"  data-ultimate-target='#ubtn-6764'  data-responsive-json-new='{\"font-size\":\"\",\"line-height\":\"\"}'  style=\"font-weight:normal;border:none;background: #00611a;color: #ffffff;\"><span class=\"ubtn-hover\" style=\"background-color:rgba(0,97,26,0.85)\"><\/span><span class=\"ubtn-data ubtn-text \" >Download<\/span><\/button><\/a><\/div>[vc_empty_space height=&#8221;15px&#8221;][\/vc_column][\/vc_row][vc_row][vc_column width=&#8221;1\/4&#8243;][vc_single_image image=&#8221;6759&#8243; img_size=&#8221;medium&#8221; onclick=&#8221;custom_link&#8221; img_link_target=&#8221;_blank&#8221; link=&#8221;https:\/\/www.selectirente.com\/wp-content\/uploads\/2025\/02\/Selectirente_Presentation-annual-results-2024.pdf&#8221;][\/vc_column][vc_column width=&#8221;3\/4&#8243;][vc_column_text]<span style=\"font-size: 18pt; color: #00611a;\"><strong>2024 annual results<\/strong><\/span><br \/>\nFebruary, 13th 2025[\/vc_column_text][vc_empty_space height=&#8221;15px&#8221;]<div class=\" ubtn-ctn-left \"><a class=\"ubtn-link ult-adjust-bottom-margin ubtn-left ubtn-normal \" href=\"https:\/\/www.selectirente.com\/wp-content\/uploads\/2025\/02\/Selectirente_Presentation-annual-results-2024.pdf\" title=\"Download\" target=\"_blank\" rel=\"noopener\" ><button type=\"button\" id=\"ubtn-8517\"  class=\"ubtn ult-adjust-bottom-margin ult-responsive ubtn-normal ubtn-fade-bg  none  ubtn-left   tooltip-69ddfb6a1cc88\"  data-hover=\"\" data-border-color=\"\" data-bg=\"#00611a\" data-hover-bg=\"rgba(0,97,26,0.85)\" data-border-hover=\"\" data-shadow-hover=\"\" data-shadow-click=\"none\" data-shadow=\"\" data-shd-shadow=\"\"  data-ultimate-target='#ubtn-8517'  data-responsive-json-new='{\"font-size\":\"\",\"line-height\":\"\"}'  style=\"font-weight:normal;border:none;background: #00611a;color: #ffffff;\"><span class=\"ubtn-hover\" style=\"background-color:rgba(0,97,26,0.85)\"><\/span><span class=\"ubtn-data ubtn-text \" >Download<\/span><\/button><\/a><\/div>[\/vc_column][\/vc_row]<\/p>\n","protected":false},"excerpt":{"rendered":"<p>[vc_row][vc_column width=&#8221;1\/4&#8243;][vc_single_image image=&#8221;6759&#8243; img_size=&#8221;medium&#8221; onclick=&#8221;custom_link&#8221; img_link_target=&#8221;_blank&#8221; link=&#8221;https:\/\/www.selectirente.com\/wp-content\/uploads\/2026\/02\/260212_Selectirente_SFAF-presentation_EN-version.pdf&#8221;][\/vc_column][vc_column width=&#8221;3\/4&#8243;][vc_column_text]2025 annual results February, 12th 2026[\/vc_column_text][vc_empty_space height=&#8221;15px&#8221;][vc_empty_space height=&#8221;15px&#8221;][\/vc_column][\/vc_row][vc_row][vc_column width=&#8221;1\/4&#8243;][vc_single_image image=&#8221;6759&#8243; img_size=&#8221;medium&#8221; onclick=&#8221;custom_link&#8221; img_link_target=&#8221;_blank&#8221; link=&#8221;https:\/\/www.selectirente.com\/wp-content\/uploads\/2025\/02\/Selectirente_Presentation-annual-results-2024.pdf&#8221;][\/vc_column][vc_column width=&#8221;3\/4&#8243;][vc_column_text]2024 annual results February, 13th 2025[\/vc_column_text][vc_empty_space height=&#8221;15px&#8221;][\/vc_column][\/vc_row]<\/p>\n","protected":false},"author":3,"featured_media":0,"parent":0,"menu_order":0,"comment_status":"closed","ping_status":"closed","template":"","meta":{"om_disable_all_campaigns":false,"footnotes":"","_links_to":"","_links_to_target":""},"class_list":["post-6741","page","type-page","status-publish","hentry","no-post-thumbnail"],"yoast_head":"<!-- This site is optimized with the Yoast SEO plugin v27.1.1 - https:\/\/yoast.com\/product\/yoast-seo-wordpress\/ -->\n<title>Annual results | Selectirente<\/title>\n<meta name=\"robots\" content=\"index, follow, max-snippet:-1, max-image-preview:large, max-video-preview:-1\" \/>\n<link rel=\"canonical\" href=\"https:\/\/www.selectirente.com\/en\/annual-results\/\" \/>\n<meta property=\"og:locale\" content=\"en_US\" \/>\n<meta property=\"og:type\" content=\"article\" \/>\n<meta property=\"og:title\" content=\"Annual results | Selectirente\" \/>\n<meta property=\"og:description\" content=\"[vc_row][vc_column width=&#8221;1\/4&#8243;][vc_single_image image=&#8221;6759&#8243; img_size=&#8221;medium&#8221; onclick=&#8221;custom_link&#8221; img_link_target=&#8221;_blank&#8221; link=&#8221;https:\/\/www.selectirente.com\/wp-content\/uploads\/2026\/02\/260212_Selectirente_SFAF-presentation_EN-version.pdf&#8221;][\/vc_column][vc_column width=&#8221;3\/4&#8243;][vc_column_text]2025 annual results February, 12th 2026[\/vc_column_text][vc_empty_space height=&#8221;15px&#8221;][vc_empty_space height=&#8221;15px&#8221;][\/vc_column][\/vc_row][vc_row][vc_column width=&#8221;1\/4&#8243;][vc_single_image image=&#8221;6759&#8243; img_size=&#8221;medium&#8221; onclick=&#8221;custom_link&#8221; img_link_target=&#8221;_blank&#8221; link=&#8221;https:\/\/www.selectirente.com\/wp-content\/uploads\/2025\/02\/Selectirente_Presentation-annual-results-2024.pdf&#8221;][\/vc_column][vc_column width=&#8221;3\/4&#8243;][vc_column_text]2024 annual results February, 13th 2025[\/vc_column_text][vc_empty_space height=&#8221;15px&#8221;][\/vc_column][\/vc_row]\" \/>\n<meta property=\"og:url\" content=\"https:\/\/www.selectirente.com\/en\/annual-results\/\" \/>\n<meta property=\"og:site_name\" content=\"Selectirente\" \/>\n<meta property=\"article:modified_time\" content=\"2026-02-24T10:08:37+00:00\" \/>\n<meta name=\"twitter:card\" content=\"summary_large_image\" \/>\n<meta name=\"twitter:label1\" content=\"Est. reading time\" \/>\n\t<meta name=\"twitter:data1\" content=\"1 minute\" \/>\n<script type=\"application\/ld+json\" class=\"yoast-schema-graph\">{\"@context\":\"https:\/\/schema.org\",\"@graph\":[{\"@type\":\"WebPage\",\"@id\":\"https:\/\/www.selectirente.com\/en\/annual-results\/\",\"url\":\"https:\/\/www.selectirente.com\/en\/annual-results\/\",\"name\":\"Annual results | Selectirente\",\"isPartOf\":{\"@id\":\"https:\/\/www.selectirente.com\/#website\"},\"datePublished\":\"2025-02-13T17:38:55+00:00\",\"dateModified\":\"2026-02-24T10:08:37+00:00\",\"breadcrumb\":{\"@id\":\"https:\/\/www.selectirente.com\/en\/annual-results\/#breadcrumb\"},\"inLanguage\":\"en-US\",\"potentialAction\":[{\"@type\":\"ReadAction\",\"target\":[\"https:\/\/www.selectirente.com\/en\/annual-results\/\"]}]},{\"@type\":\"BreadcrumbList\",\"@id\":\"https:\/\/www.selectirente.com\/en\/annual-results\/#breadcrumb\",\"itemListElement\":[{\"@type\":\"ListItem\",\"position\":1,\"name\":\"Home\",\"item\":\"https:\/\/www.selectirente.com\/en\/\"},{\"@type\":\"ListItem\",\"position\":2,\"name\":\"Annual results\"}]},{\"@type\":\"WebSite\",\"@id\":\"https:\/\/www.selectirente.com\/#website\",\"url\":\"https:\/\/www.selectirente.com\/\",\"name\":\"Selectirente\",\"description\":\"Selectirente, la fonci\u00e8re sp\u00e9cialis\u00e9e en murs de commerces\",\"publisher\":{\"@id\":\"https:\/\/www.selectirente.com\/#organization\"},\"potentialAction\":[{\"@type\":\"SearchAction\",\"target\":{\"@type\":\"EntryPoint\",\"urlTemplate\":\"https:\/\/www.selectirente.com\/?s={search_term_string}\"},\"query-input\":{\"@type\":\"PropertyValueSpecification\",\"valueRequired\":true,\"valueName\":\"search_term_string\"}}],\"inLanguage\":\"en-US\"},{\"@type\":\"Organization\",\"@id\":\"https:\/\/www.selectirente.com\/#organization\",\"name\":\"Selectirente\",\"url\":\"https:\/\/www.selectirente.com\/\",\"logo\":{\"@type\":\"ImageObject\",\"inLanguage\":\"en-US\",\"@id\":\"https:\/\/www.selectirente.com\/#\/schema\/logo\/image\/\",\"url\":\"https:\/\/www.selectirente.com\/wp-content\/uploads\/2017\/10\/logo-selectirente.png\",\"contentUrl\":\"https:\/\/www.selectirente.com\/wp-content\/uploads\/2017\/10\/logo-selectirente.png\",\"width\":280,\"height\":35,\"caption\":\"Selectirente\"},\"image\":{\"@id\":\"https:\/\/www.selectirente.com\/#\/schema\/logo\/image\/\"}}]}<\/script>\n<!-- \/ Yoast SEO plugin. -->","yoast_head_json":{"title":"Annual results | Selectirente","robots":{"index":"index","follow":"follow","max-snippet":"max-snippet:-1","max-image-preview":"max-image-preview:large","max-video-preview":"max-video-preview:-1"},"canonical":"https:\/\/www.selectirente.com\/en\/annual-results\/","og_locale":"en_US","og_type":"article","og_title":"Annual results | Selectirente","og_description":"[vc_row][vc_column width=&#8221;1\/4&#8243;][vc_single_image image=&#8221;6759&#8243; img_size=&#8221;medium&#8221; onclick=&#8221;custom_link&#8221; img_link_target=&#8221;_blank&#8221; link=&#8221;https:\/\/www.selectirente.com\/wp-content\/uploads\/2026\/02\/260212_Selectirente_SFAF-presentation_EN-version.pdf&#8221;][\/vc_column][vc_column width=&#8221;3\/4&#8243;][vc_column_text]2025 annual results February, 12th 2026[\/vc_column_text][vc_empty_space height=&#8221;15px&#8221;][vc_empty_space height=&#8221;15px&#8221;][\/vc_column][\/vc_row][vc_row][vc_column width=&#8221;1\/4&#8243;][vc_single_image image=&#8221;6759&#8243; img_size=&#8221;medium&#8221; onclick=&#8221;custom_link&#8221; img_link_target=&#8221;_blank&#8221; link=&#8221;https:\/\/www.selectirente.com\/wp-content\/uploads\/2025\/02\/Selectirente_Presentation-annual-results-2024.pdf&#8221;][\/vc_column][vc_column width=&#8221;3\/4&#8243;][vc_column_text]2024 annual results February, 13th 2025[\/vc_column_text][vc_empty_space height=&#8221;15px&#8221;][\/vc_column][\/vc_row]","og_url":"https:\/\/www.selectirente.com\/en\/annual-results\/","og_site_name":"Selectirente","article_modified_time":"2026-02-24T10:08:37+00:00","twitter_card":"summary_large_image","twitter_misc":{"Est. reading time":"1 minute"},"schema":{"@context":"https:\/\/schema.org","@graph":[{"@type":"WebPage","@id":"https:\/\/www.selectirente.com\/en\/annual-results\/","url":"https:\/\/www.selectirente.com\/en\/annual-results\/","name":"Annual results | Selectirente","isPartOf":{"@id":"https:\/\/www.selectirente.com\/#website"},"datePublished":"2025-02-13T17:38:55+00:00","dateModified":"2026-02-24T10:08:37+00:00","breadcrumb":{"@id":"https:\/\/www.selectirente.com\/en\/annual-results\/#breadcrumb"},"inLanguage":"en-US","potentialAction":[{"@type":"ReadAction","target":["https:\/\/www.selectirente.com\/en\/annual-results\/"]}]},{"@type":"BreadcrumbList","@id":"https:\/\/www.selectirente.com\/en\/annual-results\/#breadcrumb","itemListElement":[{"@type":"ListItem","position":1,"name":"Home","item":"https:\/\/www.selectirente.com\/en\/"},{"@type":"ListItem","position":2,"name":"Annual results"}]},{"@type":"WebSite","@id":"https:\/\/www.selectirente.com\/#website","url":"https:\/\/www.selectirente.com\/","name":"Selectirente","description":"Selectirente, la fonci\u00e8re sp\u00e9cialis\u00e9e en murs de commerces","publisher":{"@id":"https:\/\/www.selectirente.com\/#organization"},"potentialAction":[{"@type":"SearchAction","target":{"@type":"EntryPoint","urlTemplate":"https:\/\/www.selectirente.com\/?s={search_term_string}"},"query-input":{"@type":"PropertyValueSpecification","valueRequired":true,"valueName":"search_term_string"}}],"inLanguage":"en-US"},{"@type":"Organization","@id":"https:\/\/www.selectirente.com\/#organization","name":"Selectirente","url":"https:\/\/www.selectirente.com\/","logo":{"@type":"ImageObject","inLanguage":"en-US","@id":"https:\/\/www.selectirente.com\/#\/schema\/logo\/image\/","url":"https:\/\/www.selectirente.com\/wp-content\/uploads\/2017\/10\/logo-selectirente.png","contentUrl":"https:\/\/www.selectirente.com\/wp-content\/uploads\/2017\/10\/logo-selectirente.png","width":280,"height":35,"caption":"Selectirente"},"image":{"@id":"https:\/\/www.selectirente.com\/#\/schema\/logo\/image\/"}}]}},"_links":{"self":[{"href":"https:\/\/www.selectirente.com\/en\/wp-json\/wp\/v2\/pages\/6741","targetHints":{"allow":["GET"]}}],"collection":[{"href":"https:\/\/www.selectirente.com\/en\/wp-json\/wp\/v2\/pages"}],"about":[{"href":"https:\/\/www.selectirente.com\/en\/wp-json\/wp\/v2\/types\/page"}],"author":[{"embeddable":true,"href":"https:\/\/www.selectirente.com\/en\/wp-json\/wp\/v2\/users\/3"}],"replies":[{"embeddable":true,"href":"https:\/\/www.selectirente.com\/en\/wp-json\/wp\/v2\/comments?post=6741"}],"version-history":[{"count":5,"href":"https:\/\/www.selectirente.com\/en\/wp-json\/wp\/v2\/pages\/6741\/revisions"}],"predecessor-version":[{"id":7515,"href":"https:\/\/www.selectirente.com\/en\/wp-json\/wp\/v2\/pages\/6741\/revisions\/7515"}],"wp:attachment":[{"href":"https:\/\/www.selectirente.com\/en\/wp-json\/wp\/v2\/media?parent=6741"}],"curies":[{"name":"wp","href":"https:\/\/api.w.org\/{rel}","templated":true}]}}