{"id":4154,"date":"2020-12-16T16:13:57","date_gmt":"2020-12-16T15:13:57","guid":{"rendered":"https:\/\/www.selectirente.com\/?page_id=4154"},"modified":"2026-02-12T18:00:17","modified_gmt":"2026-02-12T17:00:17","slug":"key-figures","status":"publish","type":"page","link":"https:\/\/www.selectirente.com\/en\/key-figures\/","title":{"rendered":"Key figures"},"content":{"rendered":"<p>[vc_row][vc_column width=&#8221;2\/3&#8243;][vc_column_text]\t<script type=\"text\/javascript\">\n\t(function( $ ) {\n\t\t$( function() {\n\t\t\tHighcharts.setOptions( {\"lang\":{\"decimalPoint\":\".\",\"thousandsSep\":\",\",\"numericSymbols\":[\"K\",\"M\",\"B\",\"T\",\"P\",\"E\"],\"numericSymbolMagnitude\":1000}});\n\t\t} );\n\t})( jQuery );\n\t<\/script>\n\t<div id=\"m-chart-container-2896-1\" class=\"m-chart-container\">\n\t<div id=\"m-chart-2896-1\" class=\"m-chart\"><\/div>\n<\/div>\n<script type=\"text\/javascript\">\n\tvar m_chart_highcharts_2896_1 = {\n\t\tchart_args: {\"chart\":{\"type\":\"line\",\"show_labels\":true,\"renderTo\":\"m-chart-2896\",\"height\":300},\"title\":{\"text\":\"Revalued value of property portfolio\"},\"subtitle\":{\"text\":\"\"},\"legend\":{\"enabled\":false},\"credits\":{\"href\":\"\",\"text\":\"\"},\"exporting\":{\"enabled\":false},\"accessibility\":{\"enabled\":false},\"plotOptions\":{\"series\":{\"dataLabels\":{\"enabled\":true,\"format\":\"{y:,f}\"},\"connectNulls\":true},\"line\":{\"dataLabels\":{\"enabled\":true}}},\"xAxis\":{\"categories\":[\"2011\",\"2012\",\"2013\",\"2014\",\"2015\",\"2016\",\"2017\",\"2018\",\"2019\",\"2020\",\"2021\",\"2022\",\"2023\",\"2024\",\"2025\"],\"title\":{\"text\":\"\"}},\"yAxis\":{\"title\":{\"text\":\"\"}},\"series\":[{\"type\":\"line\",\"showInLegend\":true,\"data\":[[\"2011\",164.2],[\"2012\",171.1],[\"2013\",177.5],[\"2014\",207.4],[\"2015\",221.2],[\"2016\",231.8],[\"2017\",234.2],[\"2018\",243.5],[\"2019\",315.4],[\"2020\",413.8],[\"2021\",510],[\"2022\",604],[\"2023\",577],[\"2024\",576],[\"2025\",577]]}],\"tooltip\":{\"pointFormat\":\"<b>{point.y}<\/b>\"}},\n\t\tpost_id: 2896,\n\t\tinstance: 1\t};\n\n\t\n\t(function( $ ) {\n\t\tm_chart_highcharts_2896_1.render_chart = function( ) {\n\t\t\t$( '.m-chart' ).trigger({\n\t\t\t\ttype:     'render_start',\n\t\t\t\tpost_id:  this.post_id,\n\t\t\t\tinstance: this.instance\n\t\t\t});\n\n\t\t\t$( '#m-chart-' + this.post_id + '-' + this.instance ).highcharts(\n\t\t\t\tthis.chart_args,\n\t\t\t\tfunction( chart ) {\n\t\t\t\t\t\/\/ Stuff to do after the chart has rendered goes here\n\t\t\t\t\t\n\t\t\t\t}\n\t\t\t);\n\n\t\t\tthis.chart = $( '#m-chart-' + this.post_id + '-' + this.instance ).highcharts();\n\n\t\t\t$( '.m-chart' ).trigger({\n\t\t\t\ttype:     'render_done',\n\t\t\t\tchart:    this.chart,\n\t\t\t\tpost_id:  this.post_id,\n\t\t\t\tinstance: this.instance\n\t\t\t});\n\t\t};\n\n\t\t$( function() {\n\t\t\tm_chart_highcharts_2896_1.render_chart();\n\t\t} );\n\t})( jQuery );\n<\/script>[\/vc_column_text][vc_empty_space][vc_column_text]<div id=\"m-chart-container-2894-2\" class=\"m-chart-container\">\n\t<div id=\"m-chart-2894-2\" class=\"m-chart\"><\/div>\n<\/div>\n<script type=\"text\/javascript\">\n\tvar m_chart_highcharts_2894_2 = {\n\t\tchart_args: {\"chart\":{\"type\":\"line\",\"show_labels\":true,\"renderTo\":\"m-chart-2894\",\"height\":300},\"title\":{\"text\":\"Revalued net assets including fees per diluted share\"},\"subtitle\":{\"text\":\"\"},\"legend\":{\"enabled\":false},\"credits\":{\"href\":\"\",\"text\":\"\"},\"exporting\":{\"enabled\":false},\"accessibility\":{\"enabled\":false},\"plotOptions\":{\"series\":{\"dataLabels\":{\"enabled\":true,\"format\":\"{y:,f}\"},\"connectNulls\":true},\"line\":{\"dataLabels\":{\"enabled\":true}}},\"xAxis\":{\"categories\":[\"2012\",\"2013\",\"2014\",\"2015\",\"2016\",\"2017\",\"2018\",\"2019\",\"2020\",\"2021\",\"2022\",\"2023\",\"2024\",\"2025\"],\"title\":{\"text\":\"\"}},\"yAxis\":{\"title\":{\"text\":\"\"}},\"series\":[{\"type\":\"line\",\"showInLegend\":true,\"data\":[[\"2012\",72.46],[\"2013\",75.64],[\"2014\",77.82],[\"2015\",82.48],[\"2016\",92.12],[\"2017\",98.44],[\"2018\",101.54],[\"2019\",95.67],[\"2020\",94.18],[\"2021\",88.15],[\"2022\",87.42],[\"2023\",86.06],[\"2024\",88.88],[\"2025\",90.8]]}],\"tooltip\":{\"pointFormat\":\"<b>{point.y}<\/b>\"}},\n\t\tpost_id: 2894,\n\t\tinstance: 2\t};\n\n\t\n\t(function( $ ) {\n\t\tm_chart_highcharts_2894_2.render_chart = function( ) {\n\t\t\t$( '.m-chart' ).trigger({\n\t\t\t\ttype:     'render_start',\n\t\t\t\tpost_id:  this.post_id,\n\t\t\t\tinstance: this.instance\n\t\t\t});\n\n\t\t\t$( '#m-chart-' + this.post_id + '-' + this.instance ).highcharts(\n\t\t\t\tthis.chart_args,\n\t\t\t\tfunction( chart ) {\n\t\t\t\t\t\/\/ Stuff to do after the chart has rendered goes here\n\t\t\t\t\t\n\t\t\t\t}\n\t\t\t);\n\n\t\t\tthis.chart = $( '#m-chart-' + this.post_id + '-' + this.instance ).highcharts();\n\n\t\t\t$( '.m-chart' ).trigger({\n\t\t\t\ttype:     'render_done',\n\t\t\t\tchart:    this.chart,\n\t\t\t\tpost_id:  this.post_id,\n\t\t\t\tinstance: this.instance\n\t\t\t});\n\t\t};\n\n\t\t$( function() {\n\t\t\tm_chart_highcharts_2894_2.render_chart();\n\t\t} );\n\t})( jQuery );\n<\/script>[\/vc_column_text][vc_empty_space][vc_column_text]<div id=\"m-chart-container-2892-3\" class=\"m-chart-container\">\n\t<div id=\"m-chart-2892-3\" class=\"m-chart\"><\/div>\n<\/div>\n<script type=\"text\/javascript\">\n\tvar m_chart_highcharts_2892_3 = {\n\t\tchart_args: {\"chart\":{\"type\":\"line\",\"show_labels\":true,\"renderTo\":\"m-chart-2892\",\"height\":300},\"title\":{\"text\":\"Dividend per share\"},\"subtitle\":{\"text\":\"\"},\"legend\":{\"enabled\":false},\"credits\":{\"href\":\"\",\"text\":\"\"},\"exporting\":{\"enabled\":false},\"accessibility\":{\"enabled\":false},\"plotOptions\":{\"series\":{\"dataLabels\":{\"enabled\":true,\"format\":\"{y:,f}\"},\"connectNulls\":true},\"line\":{\"dataLabels\":{\"enabled\":true}}},\"xAxis\":{\"categories\":[\"2011\",\"2012\",\"2013\",\"2014\",\"2015\",\"2016\",\"2017\",\"2018\",\"2019\",\"2020\",\"2021\",\"2022\",\"2023\",\"2024\",\"2025*\"],\"title\":{\"text\":\"\"}},\"yAxis\":{\"title\":{\"text\":\"\"}},\"series\":[{\"type\":\"line\",\"showInLegend\":true,\"data\":[[\"2011\",2.1],[\"2012\",2.25],[\"2013\",2.6],[\"2014\",2.75],[\"2015\",2.8],[\"2016\",2.9],[\"2017\",3.2],[\"2018\",3.45],[\"2019\",3.5],[\"2020\",3.25],[\"2021\",3.6],[\"2022\",3.8],[\"2023\",4],[\"2024\",4.1],[\"2025*\",4.2]]}],\"tooltip\":{\"pointFormat\":\"<b>{point.y}<\/b>\"}},\n\t\tpost_id: 2892,\n\t\tinstance: 3\t};\n\n\t\n\t(function( $ ) {\n\t\tm_chart_highcharts_2892_3.render_chart = function( ) {\n\t\t\t$( '.m-chart' ).trigger({\n\t\t\t\ttype:     'render_start',\n\t\t\t\tpost_id:  this.post_id,\n\t\t\t\tinstance: this.instance\n\t\t\t});\n\n\t\t\t$( '#m-chart-' + this.post_id + '-' + this.instance ).highcharts(\n\t\t\t\tthis.chart_args,\n\t\t\t\tfunction( chart ) {\n\t\t\t\t\t\/\/ Stuff to do after the chart has rendered goes here\n\t\t\t\t\t\n\t\t\t\t}\n\t\t\t);\n\n\t\t\tthis.chart = $( '#m-chart-' + this.post_id + '-' + this.instance ).highcharts();\n\n\t\t\t$( '.m-chart' ).trigger({\n\t\t\t\ttype:     'render_done',\n\t\t\t\tchart:    this.chart,\n\t\t\t\tpost_id:  this.post_id,\n\t\t\t\tinstance: this.instance\n\t\t\t});\n\t\t};\n\n\t\t$( function() {\n\t\t\tm_chart_highcharts_2892_3.render_chart();\n\t\t} );\n\t})( jQuery );\n<\/script><\/p>\n<p>*subject to the approval of the shareholders general meeting on may 28, 2026[\/vc_column_text][vc_empty_space][\/vc_column][vc_column width=&#8221;1\/3&#8243;]<div class=\"stats-block stats-top  \"><div class=\"aio-icon-top\"><div class=\"ult-just-icon-wrapper  \"><div class=\"align-icon\" style=\"text-align:center;\">\n<div class=\"aio-icon none \"  style=\"color:#fdd063;font-size:48px;display:inline-block;\">\n\t<i class=\"Defaults-dashboard tachometer\"><\/i>\n<\/div><\/div><\/div><\/div><div class=\"stats-desc\" id=\"counter-responsv-wrap-6666\"><div class=\"counter_prefix mycust ult-responsive\"  data-ultimate-target='#counter-responsv-wrap-6666 .mycust'  data-responsive-json-new='{\"font-size\":\"\",\"line-height\":\"\"}'  style=\"font-size:28px; color:\">\u20ac<\/div><div id=\"counter_87193981369ef8df08e3d6\" data-id=\"counter_87193981369ef8df08e3d6\"  data-ultimate-target='#counter-responsv-wrap-6666 .stats-number'  data-responsive-json-new='{\"font-size\":\"\",\"line-height\":\"\"}'  class=\"stats-number ult-responsive\" style=\"font-size:28px;  \" data-speed=\"3\" data-counter-value=\"30.8\" data-separator=\",\" data-decimal=\".\">0<\/div><div class=\"counter_suffix mycust ult-responsive\"  data-ultimate-target='#counter-responsv-wrap-6666 .mycust'  data-responsive-json-new='{\"font-size\":\"\",\"line-height\":\"\"}'  style=\"font-size:28px; color:\">M<\/div><div id=\"counter_87193981369ef8df08e3d6\"  data-ultimate-target='#counter-responsv-wrap-6666 .stats-text'  data-responsive-json-new='{\"font-size\":\"desktop:12px;\",\"line-height\":\"\"}'  class=\"stats-text ult-responsive\" style=\"font-size:px;  \">Revenue at 31\/12\/2025 (12 months)<\/div><\/div><\/div>[vc_empty_space]<div class=\"stats-block stats-top  \"><div class=\"aio-icon-top\"><div class=\"ult-just-icon-wrapper  \"><div class=\"align-icon\" style=\"text-align:center;\">\n<div class=\"aio-icon none \"  style=\"color:#fdd063;font-size:48px;display:inline-block;\">\n\t<i class=\"Defaults-money\"><\/i>\n<\/div><\/div><\/div><\/div><div class=\"stats-desc\" id=\"counter-responsv-wrap-8118\"><div class=\"counter_prefix mycust ult-responsive\"  data-ultimate-target='#counter-responsv-wrap-8118 .mycust'  data-responsive-json-new='{\"font-size\":\"\",\"line-height\":\"\"}'  style=\"font-size:28px; color:\">\u20ac<\/div><div id=\"counter_330305081169ef8df08e5cf\" data-id=\"counter_330305081169ef8df08e5cf\"  data-ultimate-target='#counter-responsv-wrap-8118 .stats-number'  data-responsive-json-new='{\"font-size\":\"\",\"line-height\":\"\"}'  class=\"stats-number ult-responsive\" style=\"font-size:28px;  \" data-speed=\"3\" data-counter-value=\"18.6\" data-separator=\",\" data-decimal=\".\">0<\/div><div class=\"counter_suffix mycust ult-responsive\"  data-ultimate-target='#counter-responsv-wrap-8118 .mycust'  data-responsive-json-new='{\"font-size\":\"\",\"line-height\":\"\"}'  style=\"font-size:28px; color:\">M<\/div><div id=\"counter_330305081169ef8df08e5cf\"  data-ultimate-target='#counter-responsv-wrap-8118 .stats-text'  data-responsive-json-new='{\"font-size\":\"desktop:12px;\",\"line-height\":\"\"}'  class=\"stats-text ult-responsive\" style=\"font-size:px;  \">Profit before tax at 31\/12\/2025<\/div><\/div><\/div>[vc_empty_space]<div class=\"stats-block stats-top  \"><div class=\"aio-icon-top\"><div class=\"ult-just-icon-wrapper  \"><div class=\"align-icon\" style=\"text-align:center;\">\n<div class=\"aio-icon none \"  style=\"color:#fdd063;font-size:48px;display:inline-block;\">\n\t<i class=\"Defaults-calculator\"><\/i>\n<\/div><\/div><\/div><\/div><div class=\"stats-desc\" id=\"counter-responsv-wrap-6691\"><div class=\"counter_prefix mycust ult-responsive\"  data-ultimate-target='#counter-responsv-wrap-6691 .mycust'  data-responsive-json-new='{\"font-size\":\"\",\"line-height\":\"\"}'  style=\"font-size:28px; color:\">\u20ac<\/div><div id=\"counter_301489492169ef8df08e8fa\" data-id=\"counter_301489492169ef8df08e8fa\"  data-ultimate-target='#counter-responsv-wrap-6691 .stats-number'  data-responsive-json-new='{\"font-size\":\"\",\"line-height\":\"\"}'  class=\"stats-number ult-responsive\" style=\"font-size:28px;  \" data-speed=\"3\" data-counter-value=\"18.6\" data-separator=\",\" data-decimal=\".\">0<\/div><div class=\"counter_suffix mycust ult-responsive\"  data-ultimate-target='#counter-responsv-wrap-6691 .mycust'  data-responsive-json-new='{\"font-size\":\"\",\"line-height\":\"\"}'  style=\"font-size:28px; color:\">M<\/div><div id=\"counter_301489492169ef8df08e8fa\"  data-ultimate-target='#counter-responsv-wrap-6691 .stats-text'  data-responsive-json-new='{\"font-size\":\"desktop:12px;\",\"line-height\":\"\"}'  class=\"stats-text ult-responsive\" style=\"font-size:px;  \">Net profit at 31\/12\/2025<\/div><\/div><\/div>[vc_empty_space]<div class=\"stats-block stats-top  \"><div class=\"aio-icon-top\"><div class=\"ult-just-icon-wrapper  \"><div class=\"align-icon\" style=\"text-align:center;\">\n<div class=\"aio-icon none \"  style=\"color:#fdd063;font-size:48px;display:inline-block;\">\n\t<i class=\"Defaults-building\"><\/i>\n<\/div><\/div><\/div><\/div><div class=\"stats-desc\" id=\"counter-responsv-wrap-4105\"><div class=\"counter_prefix mycust ult-responsive\"  data-ultimate-target='#counter-responsv-wrap-4105 .mycust'  data-responsive-json-new='{\"font-size\":\"\",\"line-height\":\"\"}'  style=\"font-size:28px; color:\">\u20ac<\/div><div id=\"counter_216370934869ef8df08e96e\" data-id=\"counter_216370934869ef8df08e96e\"  data-ultimate-target='#counter-responsv-wrap-4105 .stats-number'  data-responsive-json-new='{\"font-size\":\"\",\"line-height\":\"\"}'  class=\"stats-number ult-responsive\" style=\"font-size:28px;  \" data-speed=\"3\" data-counter-value=\"577\" data-separator=\",\" data-decimal=\".\">0<\/div><div class=\"counter_suffix mycust ult-responsive\"  data-ultimate-target='#counter-responsv-wrap-4105 .mycust'  data-responsive-json-new='{\"font-size\":\"\",\"line-height\":\"\"}'  style=\"font-size:28px; color:\">M<\/div><div id=\"counter_216370934869ef8df08e96e\"  data-ultimate-target='#counter-responsv-wrap-4105 .stats-text'  data-responsive-json-new='{\"font-size\":\"desktop:12px;\",\"line-height\":\"\"}'  class=\"stats-text ult-responsive\" style=\"font-size:px;  \">Value of property portfolio at 31\/12\/2025<\/div><\/div><\/div>[\/vc_column][\/vc_row]<\/p>\n","protected":false},"excerpt":{"rendered":"<p>[vc_row][vc_column width=&#8221;2\/3&#8243;][vc_column_text][\/vc_column_text][vc_empty_space][vc_column_text][\/vc_column_text][vc_empty_space][vc_column_text] *subject to the approval of the shareholders general meeting on may 28, 2026[\/vc_column_text][vc_empty_space][\/vc_column][vc_column width=&#8221;1\/3&#8243;][vc_empty_space][vc_empty_space][vc_empty_space][\/vc_column][\/vc_row]<\/p>\n","protected":false},"author":4,"featured_media":0,"parent":0,"menu_order":0,"comment_status":"closed","ping_status":"closed","template":"","meta":{"om_disable_all_campaigns":false,"footnotes":"","_links_to":"","_links_to_target":""},"class_list":["post-4154","page","type-page","status-publish","hentry","no-post-thumbnail"],"yoast_head":"<!-- This site is optimized with the Yoast SEO plugin v27.1.1 - https:\/\/yoast.com\/product\/yoast-seo-wordpress\/ -->\n<title>Key figures | Selectirente<\/title>\n<meta name=\"robots\" content=\"index, follow, max-snippet:-1, max-image-preview:large, max-video-preview:-1\" \/>\n<link rel=\"canonical\" href=\"https:\/\/www.selectirente.com\/en\/key-figures\/\" \/>\n<meta property=\"og:locale\" content=\"en_US\" \/>\n<meta property=\"og:type\" content=\"article\" \/>\n<meta property=\"og:title\" content=\"Key figures | Selectirente\" \/>\n<meta property=\"og:description\" content=\"[vc_row][vc_column width=&#8221;2\/3&#8243;][vc_column_text][\/vc_column_text][vc_empty_space][vc_column_text][\/vc_column_text][vc_empty_space][vc_column_text] *subject to the approval of the shareholders general meeting on may 28, 2026[\/vc_column_text][vc_empty_space][\/vc_column][vc_column width=&#8221;1\/3&#8243;][vc_empty_space][vc_empty_space][vc_empty_space][\/vc_column][\/vc_row]\" \/>\n<meta property=\"og:url\" content=\"https:\/\/www.selectirente.com\/en\/key-figures\/\" \/>\n<meta property=\"og:site_name\" content=\"Selectirente\" \/>\n<meta property=\"article:modified_time\" content=\"2026-02-12T17:00:17+00:00\" \/>\n<meta name=\"twitter:card\" content=\"summary_large_image\" \/>\n<meta name=\"twitter:label1\" content=\"Est. reading time\" \/>\n\t<meta name=\"twitter:data1\" content=\"1 minute\" \/>\n<script type=\"application\/ld+json\" class=\"yoast-schema-graph\">{\"@context\":\"https:\/\/schema.org\",\"@graph\":[{\"@type\":\"WebPage\",\"@id\":\"https:\/\/www.selectirente.com\/en\/key-figures\/\",\"url\":\"https:\/\/www.selectirente.com\/en\/key-figures\/\",\"name\":\"Key figures | Selectirente\",\"isPartOf\":{\"@id\":\"https:\/\/www.selectirente.com\/#website\"},\"datePublished\":\"2020-12-16T15:13:57+00:00\",\"dateModified\":\"2026-02-12T17:00:17+00:00\",\"breadcrumb\":{\"@id\":\"https:\/\/www.selectirente.com\/en\/key-figures\/#breadcrumb\"},\"inLanguage\":\"en-US\",\"potentialAction\":[{\"@type\":\"ReadAction\",\"target\":[\"https:\/\/www.selectirente.com\/en\/key-figures\/\"]}]},{\"@type\":\"BreadcrumbList\",\"@id\":\"https:\/\/www.selectirente.com\/en\/key-figures\/#breadcrumb\",\"itemListElement\":[{\"@type\":\"ListItem\",\"position\":1,\"name\":\"Home\",\"item\":\"https:\/\/www.selectirente.com\/en\/\"},{\"@type\":\"ListItem\",\"position\":2,\"name\":\"Key figures\"}]},{\"@type\":\"WebSite\",\"@id\":\"https:\/\/www.selectirente.com\/#website\",\"url\":\"https:\/\/www.selectirente.com\/\",\"name\":\"Selectirente\",\"description\":\"Selectirente, la fonci\u00e8re sp\u00e9cialis\u00e9e en murs de commerces\",\"publisher\":{\"@id\":\"https:\/\/www.selectirente.com\/#organization\"},\"potentialAction\":[{\"@type\":\"SearchAction\",\"target\":{\"@type\":\"EntryPoint\",\"urlTemplate\":\"https:\/\/www.selectirente.com\/?s={search_term_string}\"},\"query-input\":{\"@type\":\"PropertyValueSpecification\",\"valueRequired\":true,\"valueName\":\"search_term_string\"}}],\"inLanguage\":\"en-US\"},{\"@type\":\"Organization\",\"@id\":\"https:\/\/www.selectirente.com\/#organization\",\"name\":\"Selectirente\",\"url\":\"https:\/\/www.selectirente.com\/\",\"logo\":{\"@type\":\"ImageObject\",\"inLanguage\":\"en-US\",\"@id\":\"https:\/\/www.selectirente.com\/#\/schema\/logo\/image\/\",\"url\":\"https:\/\/www.selectirente.com\/wp-content\/uploads\/2017\/10\/logo-selectirente.png\",\"contentUrl\":\"https:\/\/www.selectirente.com\/wp-content\/uploads\/2017\/10\/logo-selectirente.png\",\"width\":280,\"height\":35,\"caption\":\"Selectirente\"},\"image\":{\"@id\":\"https:\/\/www.selectirente.com\/#\/schema\/logo\/image\/\"}}]}<\/script>\n<!-- \/ Yoast SEO plugin. -->","yoast_head_json":{"title":"Key figures | Selectirente","robots":{"index":"index","follow":"follow","max-snippet":"max-snippet:-1","max-image-preview":"max-image-preview:large","max-video-preview":"max-video-preview:-1"},"canonical":"https:\/\/www.selectirente.com\/en\/key-figures\/","og_locale":"en_US","og_type":"article","og_title":"Key figures | Selectirente","og_description":"[vc_row][vc_column width=&#8221;2\/3&#8243;][vc_column_text][\/vc_column_text][vc_empty_space][vc_column_text][\/vc_column_text][vc_empty_space][vc_column_text] *subject to the approval of the shareholders general meeting on may 28, 2026[\/vc_column_text][vc_empty_space][\/vc_column][vc_column width=&#8221;1\/3&#8243;][vc_empty_space][vc_empty_space][vc_empty_space][\/vc_column][\/vc_row]","og_url":"https:\/\/www.selectirente.com\/en\/key-figures\/","og_site_name":"Selectirente","article_modified_time":"2026-02-12T17:00:17+00:00","twitter_card":"summary_large_image","twitter_misc":{"Est. reading time":"1 minute"},"schema":{"@context":"https:\/\/schema.org","@graph":[{"@type":"WebPage","@id":"https:\/\/www.selectirente.com\/en\/key-figures\/","url":"https:\/\/www.selectirente.com\/en\/key-figures\/","name":"Key figures | Selectirente","isPartOf":{"@id":"https:\/\/www.selectirente.com\/#website"},"datePublished":"2020-12-16T15:13:57+00:00","dateModified":"2026-02-12T17:00:17+00:00","breadcrumb":{"@id":"https:\/\/www.selectirente.com\/en\/key-figures\/#breadcrumb"},"inLanguage":"en-US","potentialAction":[{"@type":"ReadAction","target":["https:\/\/www.selectirente.com\/en\/key-figures\/"]}]},{"@type":"BreadcrumbList","@id":"https:\/\/www.selectirente.com\/en\/key-figures\/#breadcrumb","itemListElement":[{"@type":"ListItem","position":1,"name":"Home","item":"https:\/\/www.selectirente.com\/en\/"},{"@type":"ListItem","position":2,"name":"Key figures"}]},{"@type":"WebSite","@id":"https:\/\/www.selectirente.com\/#website","url":"https:\/\/www.selectirente.com\/","name":"Selectirente","description":"Selectirente, la fonci\u00e8re sp\u00e9cialis\u00e9e en murs de commerces","publisher":{"@id":"https:\/\/www.selectirente.com\/#organization"},"potentialAction":[{"@type":"SearchAction","target":{"@type":"EntryPoint","urlTemplate":"https:\/\/www.selectirente.com\/?s={search_term_string}"},"query-input":{"@type":"PropertyValueSpecification","valueRequired":true,"valueName":"search_term_string"}}],"inLanguage":"en-US"},{"@type":"Organization","@id":"https:\/\/www.selectirente.com\/#organization","name":"Selectirente","url":"https:\/\/www.selectirente.com\/","logo":{"@type":"ImageObject","inLanguage":"en-US","@id":"https:\/\/www.selectirente.com\/#\/schema\/logo\/image\/","url":"https:\/\/www.selectirente.com\/wp-content\/uploads\/2017\/10\/logo-selectirente.png","contentUrl":"https:\/\/www.selectirente.com\/wp-content\/uploads\/2017\/10\/logo-selectirente.png","width":280,"height":35,"caption":"Selectirente"},"image":{"@id":"https:\/\/www.selectirente.com\/#\/schema\/logo\/image\/"}}]}},"_links":{"self":[{"href":"https:\/\/www.selectirente.com\/en\/wp-json\/wp\/v2\/pages\/4154","targetHints":{"allow":["GET"]}}],"collection":[{"href":"https:\/\/www.selectirente.com\/en\/wp-json\/wp\/v2\/pages"}],"about":[{"href":"https:\/\/www.selectirente.com\/en\/wp-json\/wp\/v2\/types\/page"}],"author":[{"embeddable":true,"href":"https:\/\/www.selectirente.com\/en\/wp-json\/wp\/v2\/users\/4"}],"replies":[{"embeddable":true,"href":"https:\/\/www.selectirente.com\/en\/wp-json\/wp\/v2\/comments?post=4154"}],"version-history":[{"count":19,"href":"https:\/\/www.selectirente.com\/en\/wp-json\/wp\/v2\/pages\/4154\/revisions"}],"predecessor-version":[{"id":7460,"href":"https:\/\/www.selectirente.com\/en\/wp-json\/wp\/v2\/pages\/4154\/revisions\/7460"}],"wp:attachment":[{"href":"https:\/\/www.selectirente.com\/en\/wp-json\/wp\/v2\/media?parent=4154"}],"curies":[{"name":"wp","href":"https:\/\/api.w.org\/{rel}","templated":true}]}}