{"id":2423,"date":"2017-11-06T10:38:03","date_gmt":"2017-11-06T09:38:03","guid":{"rendered":"http:\/\/www.selectirente.com\/performances\/"},"modified":"2025-04-02T17:43:59","modified_gmt":"2025-04-02T15:43:59","slug":"performances","status":"publish","type":"page","link":"https:\/\/www.selectirente.com\/en\/performances\/","title":{"rendered":"Selectirente share"},"content":{"rendered":"<p>[vc_row][vc_column][vc_tta_tabs autoplay=&#8221;10&#8243; active_section=&#8221;1&#8243;][vc_tta_section title=&#8221;Performance share&#8221; tab_id=&#8221;1515577700479-a77c6f36-07d2&#8243;][vc_column_text]<iframe loading=\"lazy\" referrerpolicy=\"no-referrer-when-downgrade\" frameBorder=\"0\" scrolling=\"no\" width=\"100%\" height=\"550px\" src=\"https:\/\/api.stockdio.com\/visualization\/financial\/charts\/v1\/ComparePrices?app-key=2388FE3F0F104DC8B942662B50434259&#038;wp=1&#038;showUserMenu=false&#038;symbol=SELER&#038;stockExchange=PEX&#038;culture=French-France&#038;displayprices=Lines&#038;width=100%25&#038;height=100%25&#038;intraday=true&#038;allowPeriodChange=true\"><\/iframe>[\/vc_column_text][\/vc_tta_section][vc_tta_section title=&#8221;Selectirente share information&#8221; tab_id=&#8221;1515577688619-76a48230-a1c7&#8243;][vc_row_inner][vc_column_inner width=&#8221;1\/2&#8243;][vc_column_text]<span style=\"color: #196554;\"><strong>ISIN<\/strong><\/span> : FR0004175842<br \/>\n<span style=\"color: #196554;\"><strong>Mnemo<\/strong><\/span> : SELER<br \/>\n<strong><span style=\"color: #196554;\">Listing<\/span><\/strong> : Share \u2013 Ordinary share \u2013 Fixing<br \/>\n<span style=\"color: #196554;\"><strong>Sector classification<\/strong><\/span>\u00a0: 8600, Real estate<br \/>\n<strong><span style=\"color: #196554;\">Market<\/span><\/strong>\u00a0:\u00a0 Eurolist Compartiment B[\/vc_column_text][vc_column_text]<span style=\"color: #196554;\"><strong>Listing<\/strong><\/span> :\u00a0 Euronext Paris (France)<br \/>\n<span style=\"color: #196554;\"><strong>Date of IPO<\/strong><\/span> : 3 October 2006<br \/>\n<strong><span style=\"color: #196554;\">Number of shares<\/span><\/strong> : 4\u00a0172\u00a0938<br \/>\n<span style=\"color: #196554;\"><strong>Offering price<\/strong><\/span> : \u20ac38.50[\/vc_column_text][\/vc_column_inner][vc_column_inner width=&#8221;1\/2&#8243;][vc_column_text]<span style=\"color: #196554;\"><strong>Company name<\/strong><\/span> : Selectirente<br \/>\n303 square des Champs Elys\u00e9es &#8211; Evry Courdouronnes &#8211; 91026 Evry Cedex<br \/>\n<span style=\"color: #196554;\"><strong>Phone<\/strong><\/span> : +33 1 69 87 02 00<br \/>\n<strong><span style=\"color: #196554;\">Website<\/span><\/strong> : www.selectirente.com<br \/>\n<span style=\"color: #196554;\"><strong>e-mail<\/strong><\/span> : contact@selectirente.com[\/vc_column_text][vc_column_text]<strong><span style=\"color: #196554;\">Date created<\/span><\/strong> : Company created in 1997<br \/>\n<span style=\"color: #196554;\"><strong>Legal structure<\/strong><\/span> : Partnership limited by shares (<em>soci\u00e9t\u00e9 en commandite par actions<\/em>)<br \/>\n<strong><span style=\"color: #196554;\">Nationality<\/span><\/strong> : French<br \/>\n<span style=\"color: #196554;\"><strong>Share capital<\/strong><\/span> : \u20ac66,776,008 \u20ac at 31 December 2019<br \/>\n<span style=\"color: #196554;\"><strong>Fiscal year<\/strong> <\/span>: From 1 January to 31 December[\/vc_column_text][\/vc_column_inner][\/vc_row_inner][\/vc_tta_section][vc_tta_section title=&#8221;Analysts coverage&#8221; tab_id=&#8221;1743608513375-290c4dcd-7f46&#8243;][vc_column_text]<\/p>\n<table style=\"border-collapse: collapse; width: 100%;\">\n<tbody>\n<tr>\n<td style=\"width: 20%;\"><strong>Company<\/strong><\/td>\n<td style=\"width: 20%;\"><strong>Contact<\/strong><\/td>\n<td style=\"width: 20%;\"><strong>Phone<\/strong><\/td>\n<td style=\"width: 20%;\"><strong>Study<\/strong><\/td>\n<td style=\"width: 20%;\"><strong>Date of the study<\/strong><\/td>\n<\/tr>\n<tr>\n<td style=\"width: 20%;\">Kepler Cheuvreux<\/td>\n<td style=\"width: 20%;\">Frederic Renard<\/td>\n<td style=\"width: 20%;\"><span data-teams=\"true\">+32 11 49 14 63<\/span><\/td>\n<td style=\"width: 20%;\"><a href=\"https:\/\/sponsored-research.keplercheuvreux.com\/be\/kepler-file\/document?file=EQ360P_1110483.pdf&amp;id=8c7ae4d2-add6-11ed-bd0b-0050568f8cb8\" target=\"_blank\" rel=\"noopener\">Aiming higher<\/a><\/td>\n<td style=\"width: 20%;\">25\/03\/2025<\/td>\n<\/tr>\n<\/tbody>\n<\/table>\n<p>[\/vc_column_text][\/vc_tta_section][\/vc_tta_tabs][vc_empty_space][\/vc_column][\/vc_row]<\/p>\n","protected":false},"excerpt":{"rendered":"<p>[vc_row][vc_column][vc_tta_tabs autoplay=&#8221;10&#8243; active_section=&#8221;1&#8243;][vc_tta_section title=&#8221;Performance share&#8221; tab_id=&#8221;1515577700479-a77c6f36-07d2&#8243;][vc_column_text][\/vc_column_text][\/vc_tta_section][vc_tta_section title=&#8221;Selectirente share information&#8221; tab_id=&#8221;1515577688619-76a48230-a1c7&#8243;][vc_row_inner][vc_column_inner width=&#8221;1\/2&#8243;][vc_column_text]ISIN : FR0004175842 Mnemo : SELER Listing : Share \u2013 Ordinary share \u2013 Fixing Sector classification\u00a0: 8600, Real estate Market\u00a0:\u00a0 Eurolist Compartiment B[\/vc_column_text][vc_column_text]Listing :\u00a0 Euronext Paris (France) Date of IPO : 3 October 2006 Number of shares : 4\u00a0172\u00a0938 Offering price : \u20ac38.50[\/vc_column_text][\/vc_column_inner][vc_column_inner width=&#8221;1\/2&#8243;][vc_column_text]Company name [&hellip;]<\/p>\n","protected":false},"author":4,"featured_media":0,"parent":0,"menu_order":0,"comment_status":"closed","ping_status":"closed","template":"","meta":{"om_disable_all_campaigns":false,"footnotes":"","_links_to":"","_links_to_target":""},"class_list":["post-2423","page","type-page","status-publish","hentry","no-post-thumbnail"],"yoast_head":"<!-- This site is optimized with the Yoast SEO plugin v27.1.1 - https:\/\/yoast.com\/product\/yoast-seo-wordpress\/ -->\n<title>Selectirente share | Selectirente<\/title>\n<meta name=\"robots\" content=\"index, follow, max-snippet:-1, max-image-preview:large, max-video-preview:-1\" \/>\n<link rel=\"canonical\" href=\"https:\/\/www.selectirente.com\/en\/performances\/\" \/>\n<meta property=\"og:locale\" content=\"en_US\" \/>\n<meta property=\"og:type\" content=\"article\" \/>\n<meta property=\"og:title\" content=\"Selectirente share | Selectirente\" \/>\n<meta property=\"og:description\" content=\"[vc_row][vc_column][vc_tta_tabs autoplay=&#8221;10&#8243; active_section=&#8221;1&#8243;][vc_tta_section title=&#8221;Performance share&#8221; tab_id=&#8221;1515577700479-a77c6f36-07d2&#8243;][vc_column_text][\/vc_column_text][\/vc_tta_section][vc_tta_section title=&#8221;Selectirente share information&#8221; tab_id=&#8221;1515577688619-76a48230-a1c7&#8243;][vc_row_inner][vc_column_inner width=&#8221;1\/2&#8243;][vc_column_text]ISIN : FR0004175842 Mnemo : SELER Listing : Share \u2013 Ordinary share \u2013 Fixing Sector classification\u00a0: 8600, Real estate Market\u00a0:\u00a0 Eurolist Compartiment B[\/vc_column_text][vc_column_text]Listing :\u00a0 Euronext Paris (France) Date of IPO : 3 October 2006 Number of shares : 4\u00a0172\u00a0938 Offering price : \u20ac38.50[\/vc_column_text][\/vc_column_inner][vc_column_inner width=&#8221;1\/2&#8243;][vc_column_text]Company name [&hellip;]\" \/>\n<meta property=\"og:url\" content=\"https:\/\/www.selectirente.com\/en\/performances\/\" \/>\n<meta property=\"og:site_name\" content=\"Selectirente\" \/>\n<meta property=\"article:modified_time\" content=\"2025-04-02T15:43:59+00:00\" \/>\n<meta name=\"twitter:card\" content=\"summary_large_image\" \/>\n<meta name=\"twitter:label1\" content=\"Est. reading time\" \/>\n\t<meta name=\"twitter:data1\" content=\"1 minute\" \/>\n<script type=\"application\/ld+json\" class=\"yoast-schema-graph\">{\"@context\":\"https:\/\/schema.org\",\"@graph\":[{\"@type\":\"WebPage\",\"@id\":\"https:\/\/www.selectirente.com\/en\/performances\/\",\"url\":\"https:\/\/www.selectirente.com\/en\/performances\/\",\"name\":\"Selectirente share | Selectirente\",\"isPartOf\":{\"@id\":\"https:\/\/www.selectirente.com\/#website\"},\"datePublished\":\"2017-11-06T09:38:03+00:00\",\"dateModified\":\"2025-04-02T15:43:59+00:00\",\"breadcrumb\":{\"@id\":\"https:\/\/www.selectirente.com\/en\/performances\/#breadcrumb\"},\"inLanguage\":\"en-US\",\"potentialAction\":[{\"@type\":\"ReadAction\",\"target\":[\"https:\/\/www.selectirente.com\/en\/performances\/\"]}]},{\"@type\":\"BreadcrumbList\",\"@id\":\"https:\/\/www.selectirente.com\/en\/performances\/#breadcrumb\",\"itemListElement\":[{\"@type\":\"ListItem\",\"position\":1,\"name\":\"Home\",\"item\":\"https:\/\/www.selectirente.com\/en\/\"},{\"@type\":\"ListItem\",\"position\":2,\"name\":\"Selectirente share\"}]},{\"@type\":\"WebSite\",\"@id\":\"https:\/\/www.selectirente.com\/#website\",\"url\":\"https:\/\/www.selectirente.com\/\",\"name\":\"Selectirente\",\"description\":\"Selectirente, la fonci\u00e8re sp\u00e9cialis\u00e9e en murs de commerces\",\"publisher\":{\"@id\":\"https:\/\/www.selectirente.com\/#organization\"},\"potentialAction\":[{\"@type\":\"SearchAction\",\"target\":{\"@type\":\"EntryPoint\",\"urlTemplate\":\"https:\/\/www.selectirente.com\/?s={search_term_string}\"},\"query-input\":{\"@type\":\"PropertyValueSpecification\",\"valueRequired\":true,\"valueName\":\"search_term_string\"}}],\"inLanguage\":\"en-US\"},{\"@type\":\"Organization\",\"@id\":\"https:\/\/www.selectirente.com\/#organization\",\"name\":\"Selectirente\",\"url\":\"https:\/\/www.selectirente.com\/\",\"logo\":{\"@type\":\"ImageObject\",\"inLanguage\":\"en-US\",\"@id\":\"https:\/\/www.selectirente.com\/#\/schema\/logo\/image\/\",\"url\":\"https:\/\/www.selectirente.com\/wp-content\/uploads\/2017\/10\/logo-selectirente.png\",\"contentUrl\":\"https:\/\/www.selectirente.com\/wp-content\/uploads\/2017\/10\/logo-selectirente.png\",\"width\":280,\"height\":35,\"caption\":\"Selectirente\"},\"image\":{\"@id\":\"https:\/\/www.selectirente.com\/#\/schema\/logo\/image\/\"}}]}<\/script>\n<!-- \/ Yoast SEO plugin. -->","yoast_head_json":{"title":"Selectirente share | Selectirente","robots":{"index":"index","follow":"follow","max-snippet":"max-snippet:-1","max-image-preview":"max-image-preview:large","max-video-preview":"max-video-preview:-1"},"canonical":"https:\/\/www.selectirente.com\/en\/performances\/","og_locale":"en_US","og_type":"article","og_title":"Selectirente share | Selectirente","og_description":"[vc_row][vc_column][vc_tta_tabs autoplay=&#8221;10&#8243; active_section=&#8221;1&#8243;][vc_tta_section title=&#8221;Performance share&#8221; tab_id=&#8221;1515577700479-a77c6f36-07d2&#8243;][vc_column_text][\/vc_column_text][\/vc_tta_section][vc_tta_section title=&#8221;Selectirente share information&#8221; tab_id=&#8221;1515577688619-76a48230-a1c7&#8243;][vc_row_inner][vc_column_inner width=&#8221;1\/2&#8243;][vc_column_text]ISIN : FR0004175842 Mnemo : SELER Listing : Share \u2013 Ordinary share \u2013 Fixing Sector classification\u00a0: 8600, Real estate Market\u00a0:\u00a0 Eurolist Compartiment B[\/vc_column_text][vc_column_text]Listing :\u00a0 Euronext Paris (France) Date of IPO : 3 October 2006 Number of shares : 4\u00a0172\u00a0938 Offering price : \u20ac38.50[\/vc_column_text][\/vc_column_inner][vc_column_inner width=&#8221;1\/2&#8243;][vc_column_text]Company name [&hellip;]","og_url":"https:\/\/www.selectirente.com\/en\/performances\/","og_site_name":"Selectirente","article_modified_time":"2025-04-02T15:43:59+00:00","twitter_card":"summary_large_image","twitter_misc":{"Est. reading time":"1 minute"},"schema":{"@context":"https:\/\/schema.org","@graph":[{"@type":"WebPage","@id":"https:\/\/www.selectirente.com\/en\/performances\/","url":"https:\/\/www.selectirente.com\/en\/performances\/","name":"Selectirente share | Selectirente","isPartOf":{"@id":"https:\/\/www.selectirente.com\/#website"},"datePublished":"2017-11-06T09:38:03+00:00","dateModified":"2025-04-02T15:43:59+00:00","breadcrumb":{"@id":"https:\/\/www.selectirente.com\/en\/performances\/#breadcrumb"},"inLanguage":"en-US","potentialAction":[{"@type":"ReadAction","target":["https:\/\/www.selectirente.com\/en\/performances\/"]}]},{"@type":"BreadcrumbList","@id":"https:\/\/www.selectirente.com\/en\/performances\/#breadcrumb","itemListElement":[{"@type":"ListItem","position":1,"name":"Home","item":"https:\/\/www.selectirente.com\/en\/"},{"@type":"ListItem","position":2,"name":"Selectirente share"}]},{"@type":"WebSite","@id":"https:\/\/www.selectirente.com\/#website","url":"https:\/\/www.selectirente.com\/","name":"Selectirente","description":"Selectirente, la fonci\u00e8re sp\u00e9cialis\u00e9e en murs de commerces","publisher":{"@id":"https:\/\/www.selectirente.com\/#organization"},"potentialAction":[{"@type":"SearchAction","target":{"@type":"EntryPoint","urlTemplate":"https:\/\/www.selectirente.com\/?s={search_term_string}"},"query-input":{"@type":"PropertyValueSpecification","valueRequired":true,"valueName":"search_term_string"}}],"inLanguage":"en-US"},{"@type":"Organization","@id":"https:\/\/www.selectirente.com\/#organization","name":"Selectirente","url":"https:\/\/www.selectirente.com\/","logo":{"@type":"ImageObject","inLanguage":"en-US","@id":"https:\/\/www.selectirente.com\/#\/schema\/logo\/image\/","url":"https:\/\/www.selectirente.com\/wp-content\/uploads\/2017\/10\/logo-selectirente.png","contentUrl":"https:\/\/www.selectirente.com\/wp-content\/uploads\/2017\/10\/logo-selectirente.png","width":280,"height":35,"caption":"Selectirente"},"image":{"@id":"https:\/\/www.selectirente.com\/#\/schema\/logo\/image\/"}}]}},"_links":{"self":[{"href":"https:\/\/www.selectirente.com\/en\/wp-json\/wp\/v2\/pages\/2423","targetHints":{"allow":["GET"]}}],"collection":[{"href":"https:\/\/www.selectirente.com\/en\/wp-json\/wp\/v2\/pages"}],"about":[{"href":"https:\/\/www.selectirente.com\/en\/wp-json\/wp\/v2\/types\/page"}],"author":[{"embeddable":true,"href":"https:\/\/www.selectirente.com\/en\/wp-json\/wp\/v2\/users\/4"}],"replies":[{"embeddable":true,"href":"https:\/\/www.selectirente.com\/en\/wp-json\/wp\/v2\/comments?post=2423"}],"version-history":[{"count":23,"href":"https:\/\/www.selectirente.com\/en\/wp-json\/wp\/v2\/pages\/2423\/revisions"}],"predecessor-version":[{"id":6890,"href":"https:\/\/www.selectirente.com\/en\/wp-json\/wp\/v2\/pages\/2423\/revisions\/6890"}],"wp:attachment":[{"href":"https:\/\/www.selectirente.com\/en\/wp-json\/wp\/v2\/media?parent=2423"}],"curies":[{"name":"wp","href":"https:\/\/api.w.org\/{rel}","templated":true}]}}