{"id":2422,"date":"2017-12-04T12:59:12","date_gmt":"2017-12-04T11:59:12","guid":{"rendered":"http:\/\/www.selectirente.com\/nos-locataires\/"},"modified":"2025-09-25T14:01:27","modified_gmt":"2025-09-25T12:01:27","slug":"our-tenants","status":"publish","type":"page","link":"https:\/\/www.selectirente.com\/en\/our-tenants\/","title":{"rendered":"Our tenants"},"content":{"rendered":"<p>[vc_row][vc_column][vc_column_text]<\/p>\n<h3 style=\"text-align: justify;\">Our main tenants<\/h3>\n<p style=\"text-align: justify;\">In order to increasingly pool its assets and optimise rental flows on a lasting basis, Selectirente applies a rigorous tenant selection policy, central to its property management philosophy. Our tenants include:<\/p>\n<ul>\n<li>banking organisations,<\/li>\n<li>large private groups,<\/li>\n<li>leading retailers.<\/li>\n<\/ul>\n<p>[\/vc_column_text][vc_empty_space][vc_empty_space]<div id=\"ult-carousel-408776456469dbf4d2d0499\" class=\"ult-carousel-wrapper   ult_horizontal\" data-gutter=\"15\" data-rtl=\"false\" ><div class=\"ult-carousel-226912373669dbf4d2d02e8 \" >[vc_single_image image=&#8221;5629&#8243; img_size=&#8221;130&#215;100&#8243;][vc_single_image image=&#8221;1228&#8243; img_size=&#8221;full&#8221;][vc_single_image image=&#8221;5640&#8243; img_size=&#8221;&#8221;][vc_single_image image=&#8221;778&#8243; img_size=&#8221;full&#8221;][vc_single_image image=&#8221;5005&#8243; img_size=&#8221;full&#8221;][vc_single_image image=&#8221;685&#8243; img_size=&#8221;full&#8221; alignment=&#8221;center&#8221;][vc_single_image image=&#8221;684&#8243; img_size=&#8221;full&#8221; alignment=&#8221;center&#8221;][vc_single_image image=&#8221;4349&#8243; img_size=&#8221;full&#8221;][vc_single_image image=&#8221;4347&#8243; img_size=&#8221;full&#8221;][vc_single_image image=&#8221;4345&#8243; img_size=&#8221;full&#8221;]<\/div><\/div>\t\t\t<script type=\"text\/javascript\">\r\n\t\t\t\tjQuery(document).ready(function ($) {\r\n\t\t\t\t\tif( typeof jQuery('.ult-carousel-226912373669dbf4d2d02e8').slick == \"function\"){\r\n\t\t\t\t\t\t$('.ult-carousel-226912373669dbf4d2d02e8').slick({dots: false,autoplay: true,autoplaySpeed: 5000,speed: 300,infinite: true,arrows: true,nextArrow: '<button type=\"button\" role=\"button\" aria-label=\"Next\" style=\"color:#333333; font-size:20px;\" class=\"slick-next default\"><i class=\"ultsl-arrow-right4\"><\/i><\/button>',prevArrow: '<button type=\"button\" role=\"button\" aria-label=\"Previous\" style=\"color:#333333; font-size:20px;\" class=\"slick-prev default\"><i class=\"ultsl-arrow-left4\"><\/i><\/button>',slidesToScroll:1,slidesToShow:6,swipe: true,draggable: true,touchMove: true,pauseOnHover: true,pauseOnFocus: false,responsive: [\r\n\t\t\t\t\t\t\t{\r\n\t\t\t\t\t\t\t  breakpoint: 1026,\r\n\t\t\t\t\t\t\t  settings: {\r\n\t\t\t\t\t\t\t\tslidesToShow: 6,\r\n\t\t\t\t\t\t\t\tslidesToScroll: 1,  \r\n\t\t\t\t\t\t\t  }\r\n\t\t\t\t\t\t\t},\r\n\t\t\t\t\t\t\t{\r\n\t\t\t\t\t\t\t  breakpoint: 1025,\r\n\t\t\t\t\t\t\t  settings: {\r\n\t\t\t\t\t\t\t\tslidesToShow: 4,\r\n\t\t\t\t\t\t\t\tslidesToScroll: 1\r\n\t\t\t\t\t\t\t  }\r\n\t\t\t\t\t\t\t},\r\n\t\t\t\t\t\t\t{\r\n\t\t\t\t\t\t\t  breakpoint: 760,\r\n\t\t\t\t\t\t\t  settings: {\r\n\t\t\t\t\t\t\t\tslidesToShow: 3,\r\n\t\t\t\t\t\t\t\tslidesToScroll: 1\r\n\t\t\t\t\t\t\t  }\r\n\t\t\t\t\t\t\t}\r\n\t\t\t\t\t\t],pauseOnDotsHover: true,customPaging: function(slider, i) {\r\n                   return '<i type=\"button\" style= \"color:#333333;\" class=\"ultsl-record\" data-role=\"none\"><\/i>';\r\n                },});\r\n\t\t\t\t\t}\r\n\t\t\t\t});\r\n\t\t\t<\/script>\r\n\t\t\t[vc_column_text]<\/p>\n<p style=\"text-align: justify;\">As of June 30, 2025, SELECTIRENTE&#8217;s direct real estate portfolio consisted of 392 real estate assets and 509 leases. . At 30\/06\/2025, the biggest tenants (each accounting for more than 1.0% of revenue) are:<\/p>\n<p>[\/vc_column_text][vc_empty_space][vc_column_text]<\/p>\n<table class=\"cargopress-table\" style=\"height: 408px; width: 100%;\" width=\"100%\">\n<thead>\n<tr style=\"height: 24px;\">\n<th class=\"align-center\" style=\"height: 24px; width: 30%;\" align=\"left\" width=\"30%\"><span style=\"color: #000000;\"><strong>Tenant<\/strong><\/span><\/th>\n<th class=\"align-center\" style=\"text-align: center; height: 24px; width: 25%;\" align=\"left\" width=\"25%\"><span style=\"color: #000000;\"><strong>Activities<\/strong><\/span><\/th>\n<th class=\"align-center\" style=\"text-align: center; height: 24px; width: 20%;\" align=\"left\" width=\"20%\"><span style=\"color: #000000;\"><strong>Number of rental units<\/strong><\/span><\/th>\n<th class=\"align-center\" style=\"text-align: center; height: 24px; width: 25%;\" align=\"left\" width=\"25%\"><span style=\"color: #000000;\"><strong>% of rent out of all rent<\/strong><\/span><\/th>\n<\/tr>\n<\/thead>\n<tfoot>\n<tr style=\"height: 24px;\">\n<td class=\"align-center\" style=\"height: 24px; width: 30%;\" bgcolor=\"#F2F2F2\" width=\"30%\"><strong>Total<\/strong><\/td>\n<td class=\"align-center\" style=\"height: 24px; width: 25%;\" align=\"left\" bgcolor=\"#F2F2F2\" width=\"25%\"><\/td>\n<td class=\"align-center\" style=\"text-align: center; height: 24px; width: 20%;\" align=\"left\" bgcolor=\"#F2F2F2\" width=\"20%\"><b>63<\/b><\/td>\n<td class=\"align-center\" style=\"text-align: center; height: 24px; width: 25%;\" align=\"left\" bgcolor=\"#F2F2F2\" width=\"25%\"><strong>30,14%<\/strong><\/td>\n<\/tr>\n<\/tfoot>\n<tbody>\n<tr style=\"height: 48px;\">\n<td class=\"align-center\" style=\"height: 48px; width: 30%;\" width=\"30%\"><strong>Illumination Mac Guff SAS<\/strong><\/td>\n<td class=\"align-center\" style=\"text-align: center; height: 48px; width: 25%;\" align=\"left\" width=\"25%\">Film and short film producer<\/td>\n<td class=\"align-center\" style=\"text-align: center; height: 48px; width: 20%;\" align=\"left\" width=\"20%\">1<\/td>\n<td class=\"align-center\" style=\"text-align: center; height: 48px; width: 25%;\" align=\"left\" width=\"25%\">7,8%<\/td>\n<\/tr>\n<tr style=\"height: 24px;\" data-bind=\"with: benchs.bench_0\">\n<td class=\"align-center\" style=\"height: 24px; width: 30%;\" width=\"30%\"><strong>Soci\u00e9t\u00e9 G\u00e9n\u00e9rale<\/strong><\/td>\n<td class=\"align-center\" style=\"text-align: center; height: 24px; width: 25%;\" align=\"left\" width=\"25%\">Banking services<\/td>\n<td class=\"align-center\" style=\"text-align: center; height: 24px; width: 20%;\" align=\"left\" width=\"20%\">6<\/td>\n<td class=\"align-center\" style=\"text-align: center; height: 24px; width: 25%;\" align=\"left\" width=\"25%\">5,4%<\/td>\n<\/tr>\n<tr style=\"height: 24px;\" data-bind=\"with: benchs.bench_1\">\n<td class=\"align-center\" style=\"height: 24px; width: 30%;\" width=\"30%\"><strong>Maaf Assurances<\/strong><\/td>\n<td class=\"align-center\" style=\"text-align: center; height: 24px; width: 25%;\" align=\"left\" width=\"25%\">Insurance<\/td>\n<td class=\"align-center\" style=\"text-align: center; height: 24px; width: 20%;\" align=\"left\" width=\"20%\">29<\/td>\n<td class=\"align-center\" style=\"text-align: center; height: 24px; width: 25%;\" align=\"left\" width=\"25%\">5%<\/td>\n<\/tr>\n<tr style=\"height: 24px;\" data-bind=\"with: benchs.bench_1\">\n<td class=\"align-center\" style=\"height: 24px; width: 30%;\" width=\"30%\"><strong>BNP Paribas<\/strong><\/td>\n<td class=\"align-center\" style=\"text-align: center; height: 24px; width: 25%;\" align=\"left\" width=\"25%\">Banking services<\/td>\n<td class=\"align-center\" style=\"text-align: center; height: 24px; width: 20%;\" align=\"left\" width=\"20%\">6<\/td>\n<td class=\"align-center\" style=\"text-align: center; height: 24px; width: 25%;\" align=\"left\" width=\"25%\">1,8%<\/td>\n<\/tr>\n<tr style=\"height: 24px;\" data-bind=\"with: benchs.bench_1\">\n<td class=\"align-center\" style=\"height: 24px; width: 30%;\" width=\"30%\"><strong>Groupe Rallye (Casino, Franprix&#8230;)<\/strong><\/td>\n<td class=\"align-center\" style=\"text-align: center; height: 24px; width: 25%;\" align=\"left\" width=\"25%\">Food<\/td>\n<td class=\"align-center\" style=\"text-align: center; height: 24px; width: 20%;\" align=\"left\" width=\"20%\">5<\/td>\n<td class=\"align-center\" style=\"text-align: center; height: 24px; width: 25%;\" align=\"left\" width=\"25%\">1,5%<\/td>\n<\/tr>\n<tr style=\"height: 24px;\">\n<td style=\"width: 30%; height: 24px;\"><strong>HEMA France<\/strong><\/td>\n<td style=\"text-align: center; width: 25%; height: 24px;\">Household items<\/td>\n<td style=\"text-align: center; width: 20%; height: 24px;\">1<\/td>\n<td style=\"text-align: center; width: 25%; height: 24px;\">1,4%<\/td>\n<\/tr>\n<tr style=\"height: 24px;\" data-bind=\"with: benchs.bench_1\">\n<td class=\"align-center\" style=\"height: 24px; width: 30%;\" width=\"30%\"><strong>IWG (anciennement The Regus Group)<\/strong><\/td>\n<td class=\"align-center\" style=\"text-align: center; height: 24px; width: 25%;\" align=\"left\" width=\"25%\">Office rental<\/td>\n<td class=\"align-center\" style=\"text-align: center; height: 24px; width: 20%;\" align=\"left\" width=\"20%\">1<\/td>\n<td class=\"align-center\" style=\"text-align: center; height: 24px; width: 25%;\" align=\"left\" width=\"25%\">1,3%<\/td>\n<\/tr>\n<tr style=\"height: 24px;\">\n<td style=\"width: 30%; height: 24px;\"><strong>ODS France<\/strong><\/td>\n<td style=\"text-align: center; width: 25%; height: 24px;\"><\/td>\n<td style=\"text-align: center; width: 20%; height: 24px;\">1<\/td>\n<td style=\"text-align: center; width: 25%; height: 24px;\">1,3%<\/td>\n<\/tr>\n<tr style=\"height: 24px;\" data-bind=\"with: benchs.bench_1\">\n<td class=\"align-center\" style=\"height: 24px; width: 30%;\" width=\"30%\"><strong>LVMH<\/strong><\/td>\n<td class=\"align-center\" style=\"text-align: center; height: 24px; width: 25%;\" align=\"left\" width=\"25%\">Luxury<\/td>\n<td class=\"align-center\" style=\"text-align: center; height: 24px; width: 20%;\" align=\"left\" width=\"20%\">3<\/td>\n<td class=\"align-center\" style=\"text-align: center; height: 24px; width: 25%;\" align=\"left\" width=\"25%\">1,2%<\/td>\n<\/tr>\n<tr style=\"height: 24px;\" data-bind=\"with: benchs.bench_1\">\n<td class=\"align-center\" style=\"height: 24px; width: 30%;\" width=\"30%\"><strong>BPCE<\/strong><\/td>\n<td class=\"align-center\" style=\"text-align: center; height: 24px; width: 25%;\" align=\"left\" width=\"25%\">Banking services<\/td>\n<td class=\"align-center\" style=\"text-align: center; height: 24px; width: 20%;\" align=\"left\" width=\"20%\">7<\/td>\n<td class=\"align-center\" style=\"text-align: center; height: 24px; width: 25%;\" align=\"left\" width=\"25%\">1,1%<\/td>\n<\/tr>\n<tr style=\"height: 24px;\" data-bind=\"with: benchs.bench_1\">\n<td class=\"align-center\" style=\"height: 24px; width: 30%;\" width=\"30%\"><strong>Maisons du Monde<\/strong><\/td>\n<td class=\"align-center\" style=\"text-align: center; height: 24px; width: 25%;\" align=\"left\" width=\"25%\">Furniture<\/td>\n<td class=\"align-center\" style=\"text-align: center; height: 24px; width: 20%;\" align=\"left\" width=\"20%\">2<\/td>\n<td class=\"align-center\" style=\"text-align: center; height: 24px; width: 25%;\" align=\"left\" width=\"25%\">1,1%<\/td>\n<\/tr>\n<tr style=\"height: 24px;\" data-bind=\"with: benchs.bench_1\">\n<td class=\"align-center\" style=\"height: 24px; width: 30%;\" width=\"30%\"><strong>Exki France<\/strong><\/td>\n<td class=\"align-center\" style=\"text-align: center; height: 24px; width: 25%;\" align=\"left\" width=\"25%\">Restaurants and take-away<\/td>\n<td class=\"align-center\" style=\"text-align: center; height: 24px; width: 20%;\" align=\"left\" width=\"20%\">1<\/td>\n<td class=\"align-center\" style=\"text-align: center; height: 24px; width: 25%;\" align=\"left\" width=\"25%\">1,1%<\/td>\n<\/tr>\n<\/tbody>\n<\/table>\n<p>[\/vc_column_text][\/vc_column][\/vc_row]<\/p>\n","protected":false},"excerpt":{"rendered":"<p>[vc_row][vc_column][vc_column_text] Our main tenants In order to increasingly pool its assets and optimise rental flows on a lasting basis, Selectirente applies a rigorous tenant selection policy, central to its property management philosophy. Our tenants include: banking organisations, large private groups, leading retailers. [\/vc_column_text][vc_empty_space][vc_empty_space][vc_column_text] As of June 30, 2025, SELECTIRENTE&#8217;s direct real estate portfolio consisted of [&hellip;]<\/p>\n","protected":false},"author":4,"featured_media":0,"parent":0,"menu_order":0,"comment_status":"closed","ping_status":"closed","template":"","meta":{"om_disable_all_campaigns":false,"footnotes":"","_links_to":"","_links_to_target":""},"class_list":["post-2422","page","type-page","status-publish","hentry","no-post-thumbnail"],"yoast_head":"<!-- This site is optimized with the Yoast SEO plugin v27.1.1 - https:\/\/yoast.com\/product\/yoast-seo-wordpress\/ -->\n<title>Our tenants | Selectirente<\/title>\n<meta name=\"robots\" content=\"index, follow, max-snippet:-1, max-image-preview:large, max-video-preview:-1\" \/>\n<link rel=\"canonical\" href=\"https:\/\/www.selectirente.com\/en\/our-tenants\/\" \/>\n<meta property=\"og:locale\" content=\"en_US\" \/>\n<meta property=\"og:type\" content=\"article\" \/>\n<meta property=\"og:title\" content=\"Our tenants | Selectirente\" \/>\n<meta property=\"og:description\" content=\"[vc_row][vc_column][vc_column_text] Our main tenants In order to increasingly pool its assets and optimise rental flows on a lasting basis, Selectirente applies a rigorous tenant selection policy, central to its property management philosophy. Our tenants include: banking organisations, large private groups, leading retailers. [\/vc_column_text][vc_empty_space][vc_empty_space][vc_column_text] As of June 30, 2025, SELECTIRENTE&#8217;s direct real estate portfolio consisted of [&hellip;]\" \/>\n<meta property=\"og:url\" content=\"https:\/\/www.selectirente.com\/en\/our-tenants\/\" \/>\n<meta property=\"og:site_name\" content=\"Selectirente\" \/>\n<meta property=\"article:modified_time\" content=\"2025-09-25T12:01:27+00:00\" \/>\n<meta name=\"twitter:card\" content=\"summary_large_image\" \/>\n<meta name=\"twitter:label1\" content=\"Est. reading time\" \/>\n\t<meta name=\"twitter:data1\" content=\"4 minutes\" \/>\n<script type=\"application\/ld+json\" class=\"yoast-schema-graph\">{\"@context\":\"https:\/\/schema.org\",\"@graph\":[{\"@type\":\"WebPage\",\"@id\":\"https:\/\/www.selectirente.com\/en\/our-tenants\/\",\"url\":\"https:\/\/www.selectirente.com\/en\/our-tenants\/\",\"name\":\"Our tenants | Selectirente\",\"isPartOf\":{\"@id\":\"https:\/\/www.selectirente.com\/#website\"},\"datePublished\":\"2017-12-04T11:59:12+00:00\",\"dateModified\":\"2025-09-25T12:01:27+00:00\",\"breadcrumb\":{\"@id\":\"https:\/\/www.selectirente.com\/en\/our-tenants\/#breadcrumb\"},\"inLanguage\":\"en-US\",\"potentialAction\":[{\"@type\":\"ReadAction\",\"target\":[\"https:\/\/www.selectirente.com\/en\/our-tenants\/\"]}]},{\"@type\":\"BreadcrumbList\",\"@id\":\"https:\/\/www.selectirente.com\/en\/our-tenants\/#breadcrumb\",\"itemListElement\":[{\"@type\":\"ListItem\",\"position\":1,\"name\":\"Home\",\"item\":\"https:\/\/www.selectirente.com\/en\/\"},{\"@type\":\"ListItem\",\"position\":2,\"name\":\"Our tenants\"}]},{\"@type\":\"WebSite\",\"@id\":\"https:\/\/www.selectirente.com\/#website\",\"url\":\"https:\/\/www.selectirente.com\/\",\"name\":\"Selectirente\",\"description\":\"Selectirente, la fonci\u00e8re sp\u00e9cialis\u00e9e en murs de commerces\",\"publisher\":{\"@id\":\"https:\/\/www.selectirente.com\/#organization\"},\"potentialAction\":[{\"@type\":\"SearchAction\",\"target\":{\"@type\":\"EntryPoint\",\"urlTemplate\":\"https:\/\/www.selectirente.com\/?s={search_term_string}\"},\"query-input\":{\"@type\":\"PropertyValueSpecification\",\"valueRequired\":true,\"valueName\":\"search_term_string\"}}],\"inLanguage\":\"en-US\"},{\"@type\":\"Organization\",\"@id\":\"https:\/\/www.selectirente.com\/#organization\",\"name\":\"Selectirente\",\"url\":\"https:\/\/www.selectirente.com\/\",\"logo\":{\"@type\":\"ImageObject\",\"inLanguage\":\"en-US\",\"@id\":\"https:\/\/www.selectirente.com\/#\/schema\/logo\/image\/\",\"url\":\"https:\/\/www.selectirente.com\/wp-content\/uploads\/2017\/10\/logo-selectirente.png\",\"contentUrl\":\"https:\/\/www.selectirente.com\/wp-content\/uploads\/2017\/10\/logo-selectirente.png\",\"width\":280,\"height\":35,\"caption\":\"Selectirente\"},\"image\":{\"@id\":\"https:\/\/www.selectirente.com\/#\/schema\/logo\/image\/\"}}]}<\/script>\n<!-- \/ Yoast SEO plugin. -->","yoast_head_json":{"title":"Our tenants | Selectirente","robots":{"index":"index","follow":"follow","max-snippet":"max-snippet:-1","max-image-preview":"max-image-preview:large","max-video-preview":"max-video-preview:-1"},"canonical":"https:\/\/www.selectirente.com\/en\/our-tenants\/","og_locale":"en_US","og_type":"article","og_title":"Our tenants | Selectirente","og_description":"[vc_row][vc_column][vc_column_text] Our main tenants In order to increasingly pool its assets and optimise rental flows on a lasting basis, Selectirente applies a rigorous tenant selection policy, central to its property management philosophy. Our tenants include: banking organisations, large private groups, leading retailers. [\/vc_column_text][vc_empty_space][vc_empty_space][vc_column_text] As of June 30, 2025, SELECTIRENTE&#8217;s direct real estate portfolio consisted of [&hellip;]","og_url":"https:\/\/www.selectirente.com\/en\/our-tenants\/","og_site_name":"Selectirente","article_modified_time":"2025-09-25T12:01:27+00:00","twitter_card":"summary_large_image","twitter_misc":{"Est. reading time":"4 minutes"},"schema":{"@context":"https:\/\/schema.org","@graph":[{"@type":"WebPage","@id":"https:\/\/www.selectirente.com\/en\/our-tenants\/","url":"https:\/\/www.selectirente.com\/en\/our-tenants\/","name":"Our tenants | Selectirente","isPartOf":{"@id":"https:\/\/www.selectirente.com\/#website"},"datePublished":"2017-12-04T11:59:12+00:00","dateModified":"2025-09-25T12:01:27+00:00","breadcrumb":{"@id":"https:\/\/www.selectirente.com\/en\/our-tenants\/#breadcrumb"},"inLanguage":"en-US","potentialAction":[{"@type":"ReadAction","target":["https:\/\/www.selectirente.com\/en\/our-tenants\/"]}]},{"@type":"BreadcrumbList","@id":"https:\/\/www.selectirente.com\/en\/our-tenants\/#breadcrumb","itemListElement":[{"@type":"ListItem","position":1,"name":"Home","item":"https:\/\/www.selectirente.com\/en\/"},{"@type":"ListItem","position":2,"name":"Our tenants"}]},{"@type":"WebSite","@id":"https:\/\/www.selectirente.com\/#website","url":"https:\/\/www.selectirente.com\/","name":"Selectirente","description":"Selectirente, la fonci\u00e8re sp\u00e9cialis\u00e9e en murs de commerces","publisher":{"@id":"https:\/\/www.selectirente.com\/#organization"},"potentialAction":[{"@type":"SearchAction","target":{"@type":"EntryPoint","urlTemplate":"https:\/\/www.selectirente.com\/?s={search_term_string}"},"query-input":{"@type":"PropertyValueSpecification","valueRequired":true,"valueName":"search_term_string"}}],"inLanguage":"en-US"},{"@type":"Organization","@id":"https:\/\/www.selectirente.com\/#organization","name":"Selectirente","url":"https:\/\/www.selectirente.com\/","logo":{"@type":"ImageObject","inLanguage":"en-US","@id":"https:\/\/www.selectirente.com\/#\/schema\/logo\/image\/","url":"https:\/\/www.selectirente.com\/wp-content\/uploads\/2017\/10\/logo-selectirente.png","contentUrl":"https:\/\/www.selectirente.com\/wp-content\/uploads\/2017\/10\/logo-selectirente.png","width":280,"height":35,"caption":"Selectirente"},"image":{"@id":"https:\/\/www.selectirente.com\/#\/schema\/logo\/image\/"}}]}},"_links":{"self":[{"href":"https:\/\/www.selectirente.com\/en\/wp-json\/wp\/v2\/pages\/2422","targetHints":{"allow":["GET"]}}],"collection":[{"href":"https:\/\/www.selectirente.com\/en\/wp-json\/wp\/v2\/pages"}],"about":[{"href":"https:\/\/www.selectirente.com\/en\/wp-json\/wp\/v2\/types\/page"}],"author":[{"embeddable":true,"href":"https:\/\/www.selectirente.com\/en\/wp-json\/wp\/v2\/users\/4"}],"replies":[{"embeddable":true,"href":"https:\/\/www.selectirente.com\/en\/wp-json\/wp\/v2\/comments?post=2422"}],"version-history":[{"count":25,"href":"https:\/\/www.selectirente.com\/en\/wp-json\/wp\/v2\/pages\/2422\/revisions"}],"predecessor-version":[{"id":7251,"href":"https:\/\/www.selectirente.com\/en\/wp-json\/wp\/v2\/pages\/2422\/revisions\/7251"}],"wp:attachment":[{"href":"https:\/\/www.selectirente.com\/en\/wp-json\/wp\/v2\/media?parent=2422"}],"curies":[{"name":"wp","href":"https:\/\/api.w.org\/{rel}","templated":true}]}}