{"id":2416,"date":"2018-01-05T14:01:27","date_gmt":"2018-01-05T13:01:27","guid":{"rendered":"http:\/\/www.selectirente.com\/galerie\/"},"modified":"2023-02-17T12:54:15","modified_gmt":"2023-02-17T11:54:15","slug":"galerie","status":"publish","type":"page","link":"https:\/\/www.selectirente.com\/en\/galerie\/","title":{"rendered":"Gallery"},"content":{"rendered":"<p>[vc_row][vc_column][vc_column_text]<\/p>\n<h3>Our property assets in pictures<\/h3>\n<p>[\/vc_column_text][vc_empty_space][vc_masonry_media_grid style=&#8221;lazy&#8221; element_width=&#8221;3&#8243; grid_id=&#8221;vc_gid:1676634402905-6c6ba728-01b0-7&#8243; include=&#8221;1111,1112,1104,1088,1095,1077,1071,1069,1068,1063,1058,1060,656,662,651,632,621,615,618,617,624,1454,1453,4390,4392,4394,4399&#8243;][\/vc_column][\/vc_row]<\/p>\n","protected":false},"excerpt":{"rendered":"<p>[vc_row][vc_column][vc_column_text] Our property assets in pictures [\/vc_column_text][vc_empty_space][vc_masonry_media_grid style=&#8221;lazy&#8221; element_width=&#8221;3&#8243; grid_id=&#8221;vc_gid:1676634402905-6c6ba728-01b0-7&#8243; include=&#8221;1111,1112,1104,1088,1095,1077,1071,1069,1068,1063,1058,1060,656,662,651,632,621,615,618,617,624,1454,1453,4390,4392,4394,4399&#8243;][\/vc_column][\/vc_row]<\/p>\n","protected":false},"author":4,"featured_media":0,"parent":0,"menu_order":0,"comment_status":"closed","ping_status":"closed","template":"","meta":{"om_disable_all_campaigns":false,"footnotes":"","_links_to":"","_links_to_target":""},"class_list":["post-2416","page","type-page","status-publish","hentry","no-post-thumbnail"],"yoast_head":"<!-- This site is optimized with the Yoast SEO plugin v27.1.1 - https:\/\/yoast.com\/product\/yoast-seo-wordpress\/ -->\n<title>Gallery | Selectirente<\/title>\n<meta name=\"robots\" content=\"index, follow, max-snippet:-1, max-image-preview:large, max-video-preview:-1\" \/>\n<link rel=\"canonical\" href=\"https:\/\/www.selectirente.com\/en\/galerie\/\" \/>\n<meta property=\"og:locale\" content=\"en_US\" \/>\n<meta property=\"og:type\" content=\"article\" \/>\n<meta property=\"og:title\" content=\"Gallery | Selectirente\" \/>\n<meta property=\"og:description\" content=\"[vc_row][vc_column][vc_column_text] Our property assets in pictures [\/vc_column_text][vc_empty_space][vc_masonry_media_grid style=&#8221;lazy&#8221; element_width=&#8221;3&#8243; grid_id=&#8221;vc_gid:1676634402905-6c6ba728-01b0-7&#8243; include=&#8221;1111,1112,1104,1088,1095,1077,1071,1069,1068,1063,1058,1060,656,662,651,632,621,615,618,617,624,1454,1453,4390,4392,4394,4399&#8243;][\/vc_column][\/vc_row]\" \/>\n<meta property=\"og:url\" content=\"https:\/\/www.selectirente.com\/en\/galerie\/\" \/>\n<meta property=\"og:site_name\" content=\"Selectirente\" \/>\n<meta property=\"article:modified_time\" content=\"2023-02-17T11:54:15+00:00\" \/>\n<meta name=\"twitter:card\" content=\"summary_large_image\" \/>\n<script type=\"application\/ld+json\" class=\"yoast-schema-graph\">{\"@context\":\"https:\/\/schema.org\",\"@graph\":[{\"@type\":\"WebPage\",\"@id\":\"https:\/\/www.selectirente.com\/en\/galerie\/\",\"url\":\"https:\/\/www.selectirente.com\/en\/galerie\/\",\"name\":\"Gallery | Selectirente\",\"isPartOf\":{\"@id\":\"https:\/\/www.selectirente.com\/#website\"},\"datePublished\":\"2018-01-05T13:01:27+00:00\",\"dateModified\":\"2023-02-17T11:54:15+00:00\",\"breadcrumb\":{\"@id\":\"https:\/\/www.selectirente.com\/en\/galerie\/#breadcrumb\"},\"inLanguage\":\"en-US\",\"potentialAction\":[{\"@type\":\"ReadAction\",\"target\":[\"https:\/\/www.selectirente.com\/en\/galerie\/\"]}]},{\"@type\":\"BreadcrumbList\",\"@id\":\"https:\/\/www.selectirente.com\/en\/galerie\/#breadcrumb\",\"itemListElement\":[{\"@type\":\"ListItem\",\"position\":1,\"name\":\"Home\",\"item\":\"https:\/\/www.selectirente.com\/en\/\"},{\"@type\":\"ListItem\",\"position\":2,\"name\":\"Gallery\"}]},{\"@type\":\"WebSite\",\"@id\":\"https:\/\/www.selectirente.com\/#website\",\"url\":\"https:\/\/www.selectirente.com\/\",\"name\":\"Selectirente\",\"description\":\"Selectirente, la fonci\u00e8re sp\u00e9cialis\u00e9e en murs de commerces\",\"publisher\":{\"@id\":\"https:\/\/www.selectirente.com\/#organization\"},\"potentialAction\":[{\"@type\":\"SearchAction\",\"target\":{\"@type\":\"EntryPoint\",\"urlTemplate\":\"https:\/\/www.selectirente.com\/?s={search_term_string}\"},\"query-input\":{\"@type\":\"PropertyValueSpecification\",\"valueRequired\":true,\"valueName\":\"search_term_string\"}}],\"inLanguage\":\"en-US\"},{\"@type\":\"Organization\",\"@id\":\"https:\/\/www.selectirente.com\/#organization\",\"name\":\"Selectirente\",\"url\":\"https:\/\/www.selectirente.com\/\",\"logo\":{\"@type\":\"ImageObject\",\"inLanguage\":\"en-US\",\"@id\":\"https:\/\/www.selectirente.com\/#\/schema\/logo\/image\/\",\"url\":\"https:\/\/www.selectirente.com\/wp-content\/uploads\/2017\/10\/logo-selectirente.png\",\"contentUrl\":\"https:\/\/www.selectirente.com\/wp-content\/uploads\/2017\/10\/logo-selectirente.png\",\"width\":280,\"height\":35,\"caption\":\"Selectirente\"},\"image\":{\"@id\":\"https:\/\/www.selectirente.com\/#\/schema\/logo\/image\/\"}}]}<\/script>\n<!-- \/ Yoast SEO plugin. -->","yoast_head_json":{"title":"Gallery | Selectirente","robots":{"index":"index","follow":"follow","max-snippet":"max-snippet:-1","max-image-preview":"max-image-preview:large","max-video-preview":"max-video-preview:-1"},"canonical":"https:\/\/www.selectirente.com\/en\/galerie\/","og_locale":"en_US","og_type":"article","og_title":"Gallery | Selectirente","og_description":"[vc_row][vc_column][vc_column_text] Our property assets in pictures [\/vc_column_text][vc_empty_space][vc_masonry_media_grid style=&#8221;lazy&#8221; element_width=&#8221;3&#8243; grid_id=&#8221;vc_gid:1676634402905-6c6ba728-01b0-7&#8243; include=&#8221;1111,1112,1104,1088,1095,1077,1071,1069,1068,1063,1058,1060,656,662,651,632,621,615,618,617,624,1454,1453,4390,4392,4394,4399&#8243;][\/vc_column][\/vc_row]","og_url":"https:\/\/www.selectirente.com\/en\/galerie\/","og_site_name":"Selectirente","article_modified_time":"2023-02-17T11:54:15+00:00","twitter_card":"summary_large_image","schema":{"@context":"https:\/\/schema.org","@graph":[{"@type":"WebPage","@id":"https:\/\/www.selectirente.com\/en\/galerie\/","url":"https:\/\/www.selectirente.com\/en\/galerie\/","name":"Gallery | Selectirente","isPartOf":{"@id":"https:\/\/www.selectirente.com\/#website"},"datePublished":"2018-01-05T13:01:27+00:00","dateModified":"2023-02-17T11:54:15+00:00","breadcrumb":{"@id":"https:\/\/www.selectirente.com\/en\/galerie\/#breadcrumb"},"inLanguage":"en-US","potentialAction":[{"@type":"ReadAction","target":["https:\/\/www.selectirente.com\/en\/galerie\/"]}]},{"@type":"BreadcrumbList","@id":"https:\/\/www.selectirente.com\/en\/galerie\/#breadcrumb","itemListElement":[{"@type":"ListItem","position":1,"name":"Home","item":"https:\/\/www.selectirente.com\/en\/"},{"@type":"ListItem","position":2,"name":"Gallery"}]},{"@type":"WebSite","@id":"https:\/\/www.selectirente.com\/#website","url":"https:\/\/www.selectirente.com\/","name":"Selectirente","description":"Selectirente, la fonci\u00e8re sp\u00e9cialis\u00e9e en murs de commerces","publisher":{"@id":"https:\/\/www.selectirente.com\/#organization"},"potentialAction":[{"@type":"SearchAction","target":{"@type":"EntryPoint","urlTemplate":"https:\/\/www.selectirente.com\/?s={search_term_string}"},"query-input":{"@type":"PropertyValueSpecification","valueRequired":true,"valueName":"search_term_string"}}],"inLanguage":"en-US"},{"@type":"Organization","@id":"https:\/\/www.selectirente.com\/#organization","name":"Selectirente","url":"https:\/\/www.selectirente.com\/","logo":{"@type":"ImageObject","inLanguage":"en-US","@id":"https:\/\/www.selectirente.com\/#\/schema\/logo\/image\/","url":"https:\/\/www.selectirente.com\/wp-content\/uploads\/2017\/10\/logo-selectirente.png","contentUrl":"https:\/\/www.selectirente.com\/wp-content\/uploads\/2017\/10\/logo-selectirente.png","width":280,"height":35,"caption":"Selectirente"},"image":{"@id":"https:\/\/www.selectirente.com\/#\/schema\/logo\/image\/"}}]}},"_links":{"self":[{"href":"https:\/\/www.selectirente.com\/en\/wp-json\/wp\/v2\/pages\/2416","targetHints":{"allow":["GET"]}}],"collection":[{"href":"https:\/\/www.selectirente.com\/en\/wp-json\/wp\/v2\/pages"}],"about":[{"href":"https:\/\/www.selectirente.com\/en\/wp-json\/wp\/v2\/types\/page"}],"author":[{"embeddable":true,"href":"https:\/\/www.selectirente.com\/en\/wp-json\/wp\/v2\/users\/4"}],"replies":[{"embeddable":true,"href":"https:\/\/www.selectirente.com\/en\/wp-json\/wp\/v2\/comments?post=2416"}],"version-history":[{"count":8,"href":"https:\/\/www.selectirente.com\/en\/wp-json\/wp\/v2\/pages\/2416\/revisions"}],"predecessor-version":[{"id":5614,"href":"https:\/\/www.selectirente.com\/en\/wp-json\/wp\/v2\/pages\/2416\/revisions\/5614"}],"wp:attachment":[{"href":"https:\/\/www.selectirente.com\/en\/wp-json\/wp\/v2\/media?parent=2416"}],"curies":[{"name":"wp","href":"https:\/\/api.w.org\/{rel}","templated":true}]}}