{"id":2415,"date":"2018-05-07T13:44:36","date_gmt":"2018-05-07T11:44:36","guid":{"rendered":"http:\/\/www.selectirente.com\/evolution-du-capital-et-actionnariat\/"},"modified":"2026-02-12T18:03:02","modified_gmt":"2026-02-12T17:03:02","slug":"shareholder-structure","status":"publish","type":"page","link":"https:\/\/www.selectirente.com\/en\/shareholder-structure\/","title":{"rendered":"Shareholder structure"},"content":{"rendered":"<p>[vc_row][vc_column][vc_column_text]At 31\/12\/2025, the share capital and voting rights broke down as follows (shareholders holding more than 4% of the capital or voting rights):[\/vc_column_text][vc_empty_space height=&#8221;20px&#8221;][vc_column_text]\t<script type=\"text\/javascript\">\n\t(function( $ ) {\n\t\t$( function() {\n\t\t\tHighcharts.setOptions( {\"lang\":{\"decimalPoint\":\".\",\"thousandsSep\":\",\",\"numericSymbols\":[\"K\",\"M\",\"B\",\"T\",\"P\",\"E\"],\"numericSymbolMagnitude\":1000}});\n\t\t} );\n\t})( jQuery );\n\t<\/script>\n\t<div id=\"m-chart-container-2872-1\" class=\"m-chart-container\">\n\t<div id=\"m-chart-2872-1\" class=\"m-chart\"><\/div>\n<\/div>\n<script type=\"text\/javascript\">\n\tvar m_chart_highcharts_2872_1 = {\n\t\tchart_args: {\"chart\":{\"type\":\"pie\",\"show_labels\":true,\"renderTo\":\"m-chart-2872\",\"height\":400},\"title\":{\"text\":\"Breakdown of the share capital of Selectirente at 31\/12\/2025\"},\"subtitle\":{\"text\":\"(indicative data, to the best knowledge of the company)\"},\"legend\":{\"enabled\":true},\"credits\":{\"href\":\"\",\"text\":\"\"},\"exporting\":{\"enabled\":false},\"accessibility\":{\"enabled\":false},\"plotOptions\":{\"series\":{\"dataLabels\":{\"enabled\":true,\"format\":\"{y:,f}%\"},\"connectNulls\":true},\"pie\":{\"dataLabels\":{\"enabled\":true}}},\"xAxis\":{\"title\":{\"text\":\"\"}},\"yAxis\":{\"title\":{\"text\":\"\"}},\"series\":[{\"type\":\"pie\",\"showInLegend\":true,\"data\":[[\"SCI Primonial Capimmo\",18.1],[\"Concert\\u00b9\",54.7],[\"Other shareholders\\u00b2\",9.3],[\"Sogecap\",13.8],[\"Amundi Immobilier\",4.1]]}],\"tooltip\":{\"pointFormat\":\"<b>{point.y}<\/b>\",\"valueSuffix\":\"%\"}},\n\t\tpost_id: 2872,\n\t\tinstance: 1\t};\n\n\t\n\t(function( $ ) {\n\t\tm_chart_highcharts_2872_1.render_chart = function( ) {\n\t\t\t$( '.m-chart' ).trigger({\n\t\t\t\ttype:     'render_start',\n\t\t\t\tpost_id:  this.post_id,\n\t\t\t\tinstance: this.instance\n\t\t\t});\n\n\t\t\t$( '#m-chart-' + this.post_id + '-' + this.instance ).highcharts(\n\t\t\t\tthis.chart_args,\n\t\t\t\tfunction( chart ) {\n\t\t\t\t\t\/\/ Stuff to do after the chart has rendered goes here\n\t\t\t\t\t\n\t\t\t\t}\n\t\t\t);\n\n\t\t\tthis.chart = $( '#m-chart-' + this.post_id + '-' + this.instance ).highcharts();\n\n\t\t\t$( '.m-chart' ).trigger({\n\t\t\t\ttype:     'render_done',\n\t\t\t\tchart:    this.chart,\n\t\t\t\tpost_id:  this.post_id,\n\t\t\t\tinstance: this.instance\n\t\t\t});\n\t\t};\n\n\t\t$( function() {\n\t\t\tm_chart_highcharts_2872_1.render_chart();\n\t\t} );\n\t})( jQuery );\n<\/script>[\/vc_column_text][vc_column_text]<\/p>\n<p style=\"text-align: center;\"><span style=\"font-size: 8pt;\"><b><sup>1<\/sup><\/b>\u00a0Shareholders acting in concert as from 17 December 2018, the date of completion of the acquisition of Sofidy by Tikehau Capital.<br \/>\nThe shareholders are Tikehau Capital SCA, Sofidy, Sofidiane, Makemo Capital, AF&amp;Co, Mr. Antoine Flamarion and Mr. Christian Flamarion.<\/span><\/p>\n<p style=\"text-align: center;\"><span style=\"font-size: 8pt;\"><b><sup>\u00b2<\/sup><\/b> including Etoile du Nord Fonci\u00e8re (former CEptentrion), Clay Asset Management et Sighs Wood Investissements.<\/span><\/p>\n<p>[\/vc_column_text][\/vc_column][\/vc_row]<\/p>\n","protected":false},"excerpt":{"rendered":"<p>[vc_row][vc_column][vc_column_text]At 31\/12\/2025, the share capital and voting rights broke down as follows (shareholders holding more than 4% of the capital or voting rights):[\/vc_column_text][vc_empty_space height=&#8221;20px&#8221;][vc_column_text][\/vc_column_text][vc_column_text] 1\u00a0Shareholders acting in concert as from 17 December 2018, the date of completion of the acquisition of Sofidy by Tikehau Capital. The shareholders are Tikehau Capital SCA, Sofidy, Sofidiane, Makemo Capital, [&hellip;]<\/p>\n","protected":false},"author":4,"featured_media":0,"parent":0,"menu_order":0,"comment_status":"closed","ping_status":"closed","template":"","meta":{"om_disable_all_campaigns":false,"footnotes":"","_links_to":"","_links_to_target":""},"class_list":["post-2415","page","type-page","status-publish","hentry","no-post-thumbnail"],"yoast_head":"<!-- This site is optimized with the Yoast SEO plugin v27.1.1 - https:\/\/yoast.com\/product\/yoast-seo-wordpress\/ -->\n<title>Shareholder structure | Selectirente<\/title>\n<meta name=\"robots\" content=\"index, follow, max-snippet:-1, max-image-preview:large, max-video-preview:-1\" \/>\n<link rel=\"canonical\" href=\"https:\/\/www.selectirente.com\/en\/shareholder-structure\/\" \/>\n<meta property=\"og:locale\" content=\"en_US\" \/>\n<meta property=\"og:type\" content=\"article\" \/>\n<meta property=\"og:title\" content=\"Shareholder structure | Selectirente\" \/>\n<meta property=\"og:description\" content=\"[vc_row][vc_column][vc_column_text]At 31\/12\/2025, the share capital and voting rights broke down as follows (shareholders holding more than 4% of the capital or voting rights):[\/vc_column_text][vc_empty_space height=&#8221;20px&#8221;][vc_column_text][\/vc_column_text][vc_column_text] 1\u00a0Shareholders acting in concert as from 17 December 2018, the date of completion of the acquisition of Sofidy by Tikehau Capital. The shareholders are Tikehau Capital SCA, Sofidy, Sofidiane, Makemo Capital, [&hellip;]\" \/>\n<meta property=\"og:url\" content=\"https:\/\/www.selectirente.com\/en\/shareholder-structure\/\" \/>\n<meta property=\"og:site_name\" content=\"Selectirente\" \/>\n<meta property=\"article:modified_time\" content=\"2026-02-12T17:03:02+00:00\" \/>\n<meta name=\"twitter:card\" content=\"summary_large_image\" \/>\n<meta name=\"twitter:label1\" content=\"Est. reading time\" \/>\n\t<meta name=\"twitter:data1\" content=\"1 minute\" \/>\n<script type=\"application\/ld+json\" class=\"yoast-schema-graph\">{\"@context\":\"https:\/\/schema.org\",\"@graph\":[{\"@type\":\"WebPage\",\"@id\":\"https:\/\/www.selectirente.com\/en\/shareholder-structure\/\",\"url\":\"https:\/\/www.selectirente.com\/en\/shareholder-structure\/\",\"name\":\"Shareholder structure | Selectirente\",\"isPartOf\":{\"@id\":\"https:\/\/www.selectirente.com\/#website\"},\"datePublished\":\"2018-05-07T11:44:36+00:00\",\"dateModified\":\"2026-02-12T17:03:02+00:00\",\"breadcrumb\":{\"@id\":\"https:\/\/www.selectirente.com\/en\/shareholder-structure\/#breadcrumb\"},\"inLanguage\":\"en-US\",\"potentialAction\":[{\"@type\":\"ReadAction\",\"target\":[\"https:\/\/www.selectirente.com\/en\/shareholder-structure\/\"]}]},{\"@type\":\"BreadcrumbList\",\"@id\":\"https:\/\/www.selectirente.com\/en\/shareholder-structure\/#breadcrumb\",\"itemListElement\":[{\"@type\":\"ListItem\",\"position\":1,\"name\":\"Home\",\"item\":\"https:\/\/www.selectirente.com\/en\/\"},{\"@type\":\"ListItem\",\"position\":2,\"name\":\"Shareholder structure\"}]},{\"@type\":\"WebSite\",\"@id\":\"https:\/\/www.selectirente.com\/#website\",\"url\":\"https:\/\/www.selectirente.com\/\",\"name\":\"Selectirente\",\"description\":\"Selectirente, la fonci\u00e8re sp\u00e9cialis\u00e9e en murs de commerces\",\"publisher\":{\"@id\":\"https:\/\/www.selectirente.com\/#organization\"},\"potentialAction\":[{\"@type\":\"SearchAction\",\"target\":{\"@type\":\"EntryPoint\",\"urlTemplate\":\"https:\/\/www.selectirente.com\/?s={search_term_string}\"},\"query-input\":{\"@type\":\"PropertyValueSpecification\",\"valueRequired\":true,\"valueName\":\"search_term_string\"}}],\"inLanguage\":\"en-US\"},{\"@type\":\"Organization\",\"@id\":\"https:\/\/www.selectirente.com\/#organization\",\"name\":\"Selectirente\",\"url\":\"https:\/\/www.selectirente.com\/\",\"logo\":{\"@type\":\"ImageObject\",\"inLanguage\":\"en-US\",\"@id\":\"https:\/\/www.selectirente.com\/#\/schema\/logo\/image\/\",\"url\":\"https:\/\/www.selectirente.com\/wp-content\/uploads\/2017\/10\/logo-selectirente.png\",\"contentUrl\":\"https:\/\/www.selectirente.com\/wp-content\/uploads\/2017\/10\/logo-selectirente.png\",\"width\":280,\"height\":35,\"caption\":\"Selectirente\"},\"image\":{\"@id\":\"https:\/\/www.selectirente.com\/#\/schema\/logo\/image\/\"}}]}<\/script>\n<!-- \/ Yoast SEO plugin. -->","yoast_head_json":{"title":"Shareholder structure | Selectirente","robots":{"index":"index","follow":"follow","max-snippet":"max-snippet:-1","max-image-preview":"max-image-preview:large","max-video-preview":"max-video-preview:-1"},"canonical":"https:\/\/www.selectirente.com\/en\/shareholder-structure\/","og_locale":"en_US","og_type":"article","og_title":"Shareholder structure | Selectirente","og_description":"[vc_row][vc_column][vc_column_text]At 31\/12\/2025, the share capital and voting rights broke down as follows (shareholders holding more than 4% of the capital or voting rights):[\/vc_column_text][vc_empty_space height=&#8221;20px&#8221;][vc_column_text][\/vc_column_text][vc_column_text] 1\u00a0Shareholders acting in concert as from 17 December 2018, the date of completion of the acquisition of Sofidy by Tikehau Capital. The shareholders are Tikehau Capital SCA, Sofidy, Sofidiane, Makemo Capital, [&hellip;]","og_url":"https:\/\/www.selectirente.com\/en\/shareholder-structure\/","og_site_name":"Selectirente","article_modified_time":"2026-02-12T17:03:02+00:00","twitter_card":"summary_large_image","twitter_misc":{"Est. reading time":"1 minute"},"schema":{"@context":"https:\/\/schema.org","@graph":[{"@type":"WebPage","@id":"https:\/\/www.selectirente.com\/en\/shareholder-structure\/","url":"https:\/\/www.selectirente.com\/en\/shareholder-structure\/","name":"Shareholder structure | Selectirente","isPartOf":{"@id":"https:\/\/www.selectirente.com\/#website"},"datePublished":"2018-05-07T11:44:36+00:00","dateModified":"2026-02-12T17:03:02+00:00","breadcrumb":{"@id":"https:\/\/www.selectirente.com\/en\/shareholder-structure\/#breadcrumb"},"inLanguage":"en-US","potentialAction":[{"@type":"ReadAction","target":["https:\/\/www.selectirente.com\/en\/shareholder-structure\/"]}]},{"@type":"BreadcrumbList","@id":"https:\/\/www.selectirente.com\/en\/shareholder-structure\/#breadcrumb","itemListElement":[{"@type":"ListItem","position":1,"name":"Home","item":"https:\/\/www.selectirente.com\/en\/"},{"@type":"ListItem","position":2,"name":"Shareholder structure"}]},{"@type":"WebSite","@id":"https:\/\/www.selectirente.com\/#website","url":"https:\/\/www.selectirente.com\/","name":"Selectirente","description":"Selectirente, la fonci\u00e8re sp\u00e9cialis\u00e9e en murs de commerces","publisher":{"@id":"https:\/\/www.selectirente.com\/#organization"},"potentialAction":[{"@type":"SearchAction","target":{"@type":"EntryPoint","urlTemplate":"https:\/\/www.selectirente.com\/?s={search_term_string}"},"query-input":{"@type":"PropertyValueSpecification","valueRequired":true,"valueName":"search_term_string"}}],"inLanguage":"en-US"},{"@type":"Organization","@id":"https:\/\/www.selectirente.com\/#organization","name":"Selectirente","url":"https:\/\/www.selectirente.com\/","logo":{"@type":"ImageObject","inLanguage":"en-US","@id":"https:\/\/www.selectirente.com\/#\/schema\/logo\/image\/","url":"https:\/\/www.selectirente.com\/wp-content\/uploads\/2017\/10\/logo-selectirente.png","contentUrl":"https:\/\/www.selectirente.com\/wp-content\/uploads\/2017\/10\/logo-selectirente.png","width":280,"height":35,"caption":"Selectirente"},"image":{"@id":"https:\/\/www.selectirente.com\/#\/schema\/logo\/image\/"}}]}},"_links":{"self":[{"href":"https:\/\/www.selectirente.com\/en\/wp-json\/wp\/v2\/pages\/2415","targetHints":{"allow":["GET"]}}],"collection":[{"href":"https:\/\/www.selectirente.com\/en\/wp-json\/wp\/v2\/pages"}],"about":[{"href":"https:\/\/www.selectirente.com\/en\/wp-json\/wp\/v2\/types\/page"}],"author":[{"embeddable":true,"href":"https:\/\/www.selectirente.com\/en\/wp-json\/wp\/v2\/users\/4"}],"replies":[{"embeddable":true,"href":"https:\/\/www.selectirente.com\/en\/wp-json\/wp\/v2\/comments?post=2415"}],"version-history":[{"count":20,"href":"https:\/\/www.selectirente.com\/en\/wp-json\/wp\/v2\/pages\/2415\/revisions"}],"predecessor-version":[{"id":7462,"href":"https:\/\/www.selectirente.com\/en\/wp-json\/wp\/v2\/pages\/2415\/revisions\/7462"}],"wp:attachment":[{"href":"https:\/\/www.selectirente.com\/en\/wp-json\/wp\/v2\/media?parent=2415"}],"curies":[{"name":"wp","href":"https:\/\/api.w.org\/{rel}","templated":true}]}}