{"id":2412,"date":"2017-12-04T12:58:53","date_gmt":"2017-12-04T11:58:53","guid":{"rendered":"http:\/\/www.selectirente.com\/composition-du-patrimoine\/"},"modified":"2026-02-12T18:08:56","modified_gmt":"2026-02-12T17:08:56","slug":"composition-of-property-portfolio","status":"publish","type":"page","link":"https:\/\/www.selectirente.com\/en\/composition-of-property-portfolio\/","title":{"rendered":"Composition of property portfolio"},"content":{"rendered":"<p>[vc_row][vc_column][vc_column_text]<\/p>\n<h3>High-quality property assets, located mainly in Paris<\/h3>\n<p>[\/vc_column_text][vc_empty_space][vc_row_inner][vc_column_inner width=&#8221;1\/2&#8243;][vc_column_text css=&#8221;.vc_custom_1770916132113{margin-bottom: 40px !important;}&#8221;]<\/p>\n<p style=\"text-align: justify;\"><strong>The company\u2019s revalued property portfolio amounted to \u20ac577m at 31\/12\/2025<\/strong><\/p>\n<p style=\"text-align: justify;\">The portfolio comprises:<\/p>\n<ul style=\"text-align: justify;\">\n<li>real estate assets acquired directly for an amount of \u20ac567.8 m,<\/li>\n<li>indirect real estate investments for an amount of \u20ac9 million consisting in various investments in OPCIs, SCPIs and usufructs.<\/li>\n<\/ul>\n<p>SELECTIRENTE\u2019s directly-owned property portfolio consists of 399 assets totaling an area of over 96 000 m\u00b2 and 518 leases. The property portfolio is primarily composed of downtown retail properties in Paris and the Parisian region. The portfolio is structured as follows:[\/vc_column_text][vc_column_text]<\/p>\n<h4>Our property portfolio in pictures<\/h4>\n<p>[\/vc_column_text][vc_empty_space height=&#8221;20px&#8221;][vc_media_grid element_width=&#8221;3&#8243; grid_id=&#8221;vc_gid:1770916034087-a3d1d4cc-7776-1&#8243; include=&#8221;1112,1115,1117,1091,1086,1064,1074,1068,662,655,653,659,660,636,625,592,1486,1488,1487&#8243;][\/vc_column_inner][vc_column_inner width=&#8221;1\/2&#8243;][vc_column_text]\t<script type=\"text\/javascript\">\n\t(function( $ ) {\n\t\t$( function() {\n\t\t\tHighcharts.setOptions( {\"lang\":{\"decimalPoint\":\".\",\"thousandsSep\":\",\",\"numericSymbols\":[\"K\",\"M\",\"B\",\"T\",\"P\",\"E\"],\"numericSymbolMagnitude\":1000}});\n\t\t} );\n\t})( jQuery );\n\t<\/script>\n\t<div id=\"m-chart-container-2879-1\" class=\"m-chart-container\">\n\t<div id=\"m-chart-2879-1\" class=\"m-chart\"><\/div>\n<\/div>\n<script type=\"text\/javascript\">\n\tvar m_chart_highcharts_2879_1 = {\n\t\tchart_args: {\"chart\":{\"type\":\"column\",\"show_labels\":true,\"renderTo\":\"m-chart-2879\",\"height\":400},\"title\":{\"text\":\"Geographical breakdown of directly-owned property assets*\"},\"subtitle\":{\"text\":\"(at 31\/12\/2025)\"},\"legend\":{\"enabled\":false},\"credits\":{\"href\":\"\",\"text\":\"\"},\"exporting\":{\"enabled\":false},\"accessibility\":{\"enabled\":false},\"plotOptions\":{\"series\":{\"dataLabels\":{\"enabled\":true,\"format\":\"{y:,f}%\"},\"connectNulls\":true},\"column\":{\"dataLabels\":{\"enabled\":true}}},\"xAxis\":{\"categories\":[\"Paris\",\"French metropolies\",\"Paris area\",\"International (Belgium)\"],\"title\":{\"text\":\"\"}},\"yAxis\":{\"title\":{\"text\":\"\"}},\"series\":[{\"type\":\"column\",\"showInLegend\":true,\"data\":[[\"Paris\",64],[\"French metropolies\",26.5],[\"Paris area\",8.9],[\"International (Belgium)\",0.6]]}],\"tooltip\":{\"pointFormat\":\"<b>{point.y}<\/b>\",\"valueSuffix\":\"%\"}},\n\t\tpost_id: 2879,\n\t\tinstance: 1\t};\n\n\t\n\t(function( $ ) {\n\t\tm_chart_highcharts_2879_1.render_chart = function( ) {\n\t\t\t$( '.m-chart' ).trigger({\n\t\t\t\ttype:     'render_start',\n\t\t\t\tpost_id:  this.post_id,\n\t\t\t\tinstance: this.instance\n\t\t\t});\n\n\t\t\t$( '#m-chart-' + this.post_id + '-' + this.instance ).highcharts(\n\t\t\t\tthis.chart_args,\n\t\t\t\tfunction( chart ) {\n\t\t\t\t\t\/\/ Stuff to do after the chart has rendered goes here\n\t\t\t\t\t\n\t\t\t\t}\n\t\t\t);\n\n\t\t\tthis.chart = $( '#m-chart-' + this.post_id + '-' + this.instance ).highcharts();\n\n\t\t\t$( '.m-chart' ).trigger({\n\t\t\t\ttype:     'render_done',\n\t\t\t\tchart:    this.chart,\n\t\t\t\tpost_id:  this.post_id,\n\t\t\t\tinstance: this.instance\n\t\t\t});\n\t\t};\n\n\t\t$( function() {\n\t\t\tm_chart_highcharts_2879_1.render_chart();\n\t\t} );\n\t})( jQuery );\n<\/script>[\/vc_column_text][vc_empty_space][vc_column_text]<div id=\"m-chart-container-2881-2\" class=\"m-chart-container\">\n\t<div id=\"m-chart-2881-2\" class=\"m-chart\"><\/div>\n<\/div>\n<script type=\"text\/javascript\">\n\tvar m_chart_highcharts_2881_2 = {\n\t\tchart_args: {\"chart\":{\"type\":\"column\",\"show_labels\":true,\"renderTo\":\"m-chart-2881\",\"height\":400},\"title\":{\"text\":\"Breakdown of directly-owned property assets by asset class*\"},\"subtitle\":{\"text\":\"(at 31\/12\/2025)\"},\"legend\":{\"enabled\":false},\"credits\":{\"href\":\"\",\"text\":\"\"},\"exporting\":{\"enabled\":false},\"accessibility\":{\"enabled\":false},\"plotOptions\":{\"series\":{\"dataLabels\":{\"enabled\":true,\"format\":\"{y:,f}%\"},\"connectNulls\":true},\"column\":{\"dataLabels\":{\"enabled\":true}}},\"xAxis\":{\"categories\":[\"Shops in city centre and urban areas\",\"Offices in city offices\",\"Medium-sized peripheral areas\"],\"title\":{\"text\":\"\"}},\"yAxis\":{\"title\":{\"text\":\"\"}},\"series\":[{\"type\":\"column\",\"showInLegend\":true,\"data\":[[\"Shops in city centre and urban areas\",85.8],[\"Offices in city offices\",14],[\"Medium-sized peripheral areas\",0.2]]}],\"tooltip\":{\"pointFormat\":\"<b>{point.y}<\/b>\",\"valueSuffix\":\"%\"}},\n\t\tpost_id: 2881,\n\t\tinstance: 2\t};\n\n\t\n\t(function( $ ) {\n\t\tm_chart_highcharts_2881_2.render_chart = function( ) {\n\t\t\t$( '.m-chart' ).trigger({\n\t\t\t\ttype:     'render_start',\n\t\t\t\tpost_id:  this.post_id,\n\t\t\t\tinstance: this.instance\n\t\t\t});\n\n\t\t\t$( '#m-chart-' + this.post_id + '-' + this.instance ).highcharts(\n\t\t\t\tthis.chart_args,\n\t\t\t\tfunction( chart ) {\n\t\t\t\t\t\/\/ Stuff to do after the chart has rendered goes here\n\t\t\t\t\t\n\t\t\t\t}\n\t\t\t);\n\n\t\t\tthis.chart = $( '#m-chart-' + this.post_id + '-' + this.instance ).highcharts();\n\n\t\t\t$( '.m-chart' ).trigger({\n\t\t\t\ttype:     'render_done',\n\t\t\t\tchart:    this.chart,\n\t\t\t\tpost_id:  this.post_id,\n\t\t\t\tinstance: this.instance\n\t\t\t});\n\t\t};\n\n\t\t$( function() {\n\t\t\tm_chart_highcharts_2881_2.render_chart();\n\t\t} );\n\t})( jQuery );\n<\/script>[\/vc_column_text][vc_column_text]<\/p>\n<p style=\"text-align: right;\"><span style=\"font-size: 10pt;\">* Appraised value excluding fees<\/span><\/p>\n<p>[\/vc_column_text][\/vc_column_inner][\/vc_row_inner][\/vc_column][\/vc_row][vc_row full_width=&#8221;stretch_row&#8221; equal_height=&#8221;yes&#8221; content_placement=&#8221;middle&#8221; bg_type=&#8221;image&#8221; css=&#8221;.vc_custom_1608129195686{margin-top: 50px !important;margin-bottom: 0px !important;background-position: center !important;background-repeat: no-repeat !important;background-size: cover !important;}&#8221;][vc_column css=&#8221;.vc_custom_1608129249906{padding-left: 60px !important;background-image: url(https:\/\/www.selectirente.com\/wp-content\/uploads\/2020\/12\/sofimap.png?id=4147) !important;background-position: center !important;background-repeat: no-repeat !important;background-size: cover !important;}&#8221;]<div class=\"ult-content-box-container \" >\t<a class=\"ult-content-box-anchor\" href=\"https:\/\/www.selectirente.com\/en\/selectimap\/\" >\t\t<div class=\"ult-content-box\" style=\"box-shadow: px px px px none;min-height:300px;-webkit-transition: all 700ms ease;-moz-transition: all 700ms ease;-ms-transition: all 700ms ease;-o-transition: all 700ms ease;transition: all 700ms ease;\"  data-hover_box_shadow=\"none\"    >[vc_column_text css=&#8221;.vc_custom_1608129298024{padding-top: 60px !important;padding-bottom: 20px !important;}&#8221;]<\/p>\n<h1>Selectimap<\/h1>\n<p><span style=\"color: #000000;\">Interactive map of our property assets<\/span>[\/vc_column_text]<div class=\" ubtn-ctn-left \"><a class=\"ubtn-link ult-adjust-bottom-margin ubtn-left ubtn-normal \" href=\"https:\/\/www.selectirente.com\/en\/selectimap\/\" ><button type=\"button\" id=\"ubtn-5897\"  class=\"ubtn ult-adjust-bottom-margin ult-responsive ubtn-normal ubtn-no-hover-bg  none  ubtn-left   tooltip-69d448386a0ce\"  data-hover=\"#196554\" data-border-color=\"#196554\" data-bg=\"#196554\" data-hover-bg=\"#ffffff\" data-border-hover=\"\" data-shadow-hover=\"\" data-shadow-click=\"none\" data-shadow=\"\" data-shd-shadow=\"\"  data-ultimate-target='#ubtn-5897'  data-responsive-json-new='{\"font-size\":\"\",\"line-height\":\"\"}'  style=\"font-weight:normal;border-radius:3px;border-width:1px;border-color:#196554;border-style:solid;background: #196554;color: #ffffff;\"><span class=\"ubtn-hover\" style=\"background-color:#ffffff\"><\/span><span class=\"ubtn-data ubtn-text \" >Open map<\/span><\/button><\/a><\/div>\t\t<\/div>\t<\/a><\/div>[\/vc_column][\/vc_row]<\/p>\n","protected":false},"excerpt":{"rendered":"<p>[vc_row][vc_column][vc_column_text] High-quality property assets, located mainly in Paris [\/vc_column_text][vc_empty_space][vc_row_inner][vc_column_inner width=&#8221;1\/2&#8243;][vc_column_text css=&#8221;.vc_custom_1770916132113{margin-bottom: 40px !important;}&#8221;] The company\u2019s revalued property portfolio amounted to \u20ac577m at 31\/12\/2025 The portfolio comprises: real estate assets acquired directly for an amount of \u20ac567.8 m, indirect real estate investments for an amount of \u20ac9 million consisting in various investments in OPCIs, SCPIs and [&hellip;]<\/p>\n","protected":false},"author":4,"featured_media":0,"parent":0,"menu_order":0,"comment_status":"closed","ping_status":"closed","template":"","meta":{"om_disable_all_campaigns":false,"footnotes":"","_links_to":"","_links_to_target":""},"class_list":["post-2412","page","type-page","status-publish","hentry","no-post-thumbnail"],"yoast_head":"<!-- This site is optimized with the Yoast SEO plugin v27.1.1 - https:\/\/yoast.com\/product\/yoast-seo-wordpress\/ -->\n<title>Composition of property portfolio | Selectirente<\/title>\n<meta name=\"robots\" content=\"index, follow, max-snippet:-1, max-image-preview:large, max-video-preview:-1\" \/>\n<link rel=\"canonical\" href=\"https:\/\/www.selectirente.com\/en\/composition-of-property-portfolio\/\" \/>\n<meta property=\"og:locale\" content=\"en_US\" \/>\n<meta property=\"og:type\" content=\"article\" \/>\n<meta property=\"og:title\" content=\"Composition of property portfolio | Selectirente\" \/>\n<meta property=\"og:description\" content=\"[vc_row][vc_column][vc_column_text] High-quality property assets, located mainly in Paris [\/vc_column_text][vc_empty_space][vc_row_inner][vc_column_inner width=&#8221;1\/2&#8243;][vc_column_text css=&#8221;.vc_custom_1770916132113{margin-bottom: 40px !important;}&#8221;] The company\u2019s revalued property portfolio amounted to \u20ac577m at 31\/12\/2025 The portfolio comprises: real estate assets acquired directly for an amount of \u20ac567.8 m, indirect real estate investments for an amount of \u20ac9 million consisting in various investments in OPCIs, SCPIs and [&hellip;]\" \/>\n<meta property=\"og:url\" content=\"https:\/\/www.selectirente.com\/en\/composition-of-property-portfolio\/\" \/>\n<meta property=\"og:site_name\" content=\"Selectirente\" \/>\n<meta property=\"article:modified_time\" content=\"2026-02-12T17:08:56+00:00\" \/>\n<meta name=\"twitter:card\" content=\"summary_large_image\" \/>\n<meta name=\"twitter:label1\" content=\"Est. reading time\" \/>\n\t<meta name=\"twitter:data1\" content=\"1 minute\" \/>\n<script type=\"application\/ld+json\" class=\"yoast-schema-graph\">{\"@context\":\"https:\/\/schema.org\",\"@graph\":[{\"@type\":\"WebPage\",\"@id\":\"https:\/\/www.selectirente.com\/en\/composition-of-property-portfolio\/\",\"url\":\"https:\/\/www.selectirente.com\/en\/composition-of-property-portfolio\/\",\"name\":\"Composition of property portfolio | Selectirente\",\"isPartOf\":{\"@id\":\"https:\/\/www.selectirente.com\/#website\"},\"datePublished\":\"2017-12-04T11:58:53+00:00\",\"dateModified\":\"2026-02-12T17:08:56+00:00\",\"breadcrumb\":{\"@id\":\"https:\/\/www.selectirente.com\/en\/composition-of-property-portfolio\/#breadcrumb\"},\"inLanguage\":\"en-US\",\"potentialAction\":[{\"@type\":\"ReadAction\",\"target\":[\"https:\/\/www.selectirente.com\/en\/composition-of-property-portfolio\/\"]}]},{\"@type\":\"BreadcrumbList\",\"@id\":\"https:\/\/www.selectirente.com\/en\/composition-of-property-portfolio\/#breadcrumb\",\"itemListElement\":[{\"@type\":\"ListItem\",\"position\":1,\"name\":\"Home\",\"item\":\"https:\/\/www.selectirente.com\/en\/\"},{\"@type\":\"ListItem\",\"position\":2,\"name\":\"Composition of property portfolio\"}]},{\"@type\":\"WebSite\",\"@id\":\"https:\/\/www.selectirente.com\/#website\",\"url\":\"https:\/\/www.selectirente.com\/\",\"name\":\"Selectirente\",\"description\":\"Selectirente, la fonci\u00e8re sp\u00e9cialis\u00e9e en murs de commerces\",\"publisher\":{\"@id\":\"https:\/\/www.selectirente.com\/#organization\"},\"potentialAction\":[{\"@type\":\"SearchAction\",\"target\":{\"@type\":\"EntryPoint\",\"urlTemplate\":\"https:\/\/www.selectirente.com\/?s={search_term_string}\"},\"query-input\":{\"@type\":\"PropertyValueSpecification\",\"valueRequired\":true,\"valueName\":\"search_term_string\"}}],\"inLanguage\":\"en-US\"},{\"@type\":\"Organization\",\"@id\":\"https:\/\/www.selectirente.com\/#organization\",\"name\":\"Selectirente\",\"url\":\"https:\/\/www.selectirente.com\/\",\"logo\":{\"@type\":\"ImageObject\",\"inLanguage\":\"en-US\",\"@id\":\"https:\/\/www.selectirente.com\/#\/schema\/logo\/image\/\",\"url\":\"https:\/\/www.selectirente.com\/wp-content\/uploads\/2017\/10\/logo-selectirente.png\",\"contentUrl\":\"https:\/\/www.selectirente.com\/wp-content\/uploads\/2017\/10\/logo-selectirente.png\",\"width\":280,\"height\":35,\"caption\":\"Selectirente\"},\"image\":{\"@id\":\"https:\/\/www.selectirente.com\/#\/schema\/logo\/image\/\"}}]}<\/script>\n<!-- \/ Yoast SEO plugin. -->","yoast_head_json":{"title":"Composition of property portfolio | Selectirente","robots":{"index":"index","follow":"follow","max-snippet":"max-snippet:-1","max-image-preview":"max-image-preview:large","max-video-preview":"max-video-preview:-1"},"canonical":"https:\/\/www.selectirente.com\/en\/composition-of-property-portfolio\/","og_locale":"en_US","og_type":"article","og_title":"Composition of property portfolio | Selectirente","og_description":"[vc_row][vc_column][vc_column_text] High-quality property assets, located mainly in Paris [\/vc_column_text][vc_empty_space][vc_row_inner][vc_column_inner width=&#8221;1\/2&#8243;][vc_column_text css=&#8221;.vc_custom_1770916132113{margin-bottom: 40px !important;}&#8221;] The company\u2019s revalued property portfolio amounted to \u20ac577m at 31\/12\/2025 The portfolio comprises: real estate assets acquired directly for an amount of \u20ac567.8 m, indirect real estate investments for an amount of \u20ac9 million consisting in various investments in OPCIs, SCPIs and [&hellip;]","og_url":"https:\/\/www.selectirente.com\/en\/composition-of-property-portfolio\/","og_site_name":"Selectirente","article_modified_time":"2026-02-12T17:08:56+00:00","twitter_card":"summary_large_image","twitter_misc":{"Est. reading time":"1 minute"},"schema":{"@context":"https:\/\/schema.org","@graph":[{"@type":"WebPage","@id":"https:\/\/www.selectirente.com\/en\/composition-of-property-portfolio\/","url":"https:\/\/www.selectirente.com\/en\/composition-of-property-portfolio\/","name":"Composition of property portfolio | Selectirente","isPartOf":{"@id":"https:\/\/www.selectirente.com\/#website"},"datePublished":"2017-12-04T11:58:53+00:00","dateModified":"2026-02-12T17:08:56+00:00","breadcrumb":{"@id":"https:\/\/www.selectirente.com\/en\/composition-of-property-portfolio\/#breadcrumb"},"inLanguage":"en-US","potentialAction":[{"@type":"ReadAction","target":["https:\/\/www.selectirente.com\/en\/composition-of-property-portfolio\/"]}]},{"@type":"BreadcrumbList","@id":"https:\/\/www.selectirente.com\/en\/composition-of-property-portfolio\/#breadcrumb","itemListElement":[{"@type":"ListItem","position":1,"name":"Home","item":"https:\/\/www.selectirente.com\/en\/"},{"@type":"ListItem","position":2,"name":"Composition of property portfolio"}]},{"@type":"WebSite","@id":"https:\/\/www.selectirente.com\/#website","url":"https:\/\/www.selectirente.com\/","name":"Selectirente","description":"Selectirente, la fonci\u00e8re sp\u00e9cialis\u00e9e en murs de commerces","publisher":{"@id":"https:\/\/www.selectirente.com\/#organization"},"potentialAction":[{"@type":"SearchAction","target":{"@type":"EntryPoint","urlTemplate":"https:\/\/www.selectirente.com\/?s={search_term_string}"},"query-input":{"@type":"PropertyValueSpecification","valueRequired":true,"valueName":"search_term_string"}}],"inLanguage":"en-US"},{"@type":"Organization","@id":"https:\/\/www.selectirente.com\/#organization","name":"Selectirente","url":"https:\/\/www.selectirente.com\/","logo":{"@type":"ImageObject","inLanguage":"en-US","@id":"https:\/\/www.selectirente.com\/#\/schema\/logo\/image\/","url":"https:\/\/www.selectirente.com\/wp-content\/uploads\/2017\/10\/logo-selectirente.png","contentUrl":"https:\/\/www.selectirente.com\/wp-content\/uploads\/2017\/10\/logo-selectirente.png","width":280,"height":35,"caption":"Selectirente"},"image":{"@id":"https:\/\/www.selectirente.com\/#\/schema\/logo\/image\/"}}]}},"_links":{"self":[{"href":"https:\/\/www.selectirente.com\/en\/wp-json\/wp\/v2\/pages\/2412","targetHints":{"allow":["GET"]}}],"collection":[{"href":"https:\/\/www.selectirente.com\/en\/wp-json\/wp\/v2\/pages"}],"about":[{"href":"https:\/\/www.selectirente.com\/en\/wp-json\/wp\/v2\/types\/page"}],"author":[{"embeddable":true,"href":"https:\/\/www.selectirente.com\/en\/wp-json\/wp\/v2\/users\/4"}],"replies":[{"embeddable":true,"href":"https:\/\/www.selectirente.com\/en\/wp-json\/wp\/v2\/comments?post=2412"}],"version-history":[{"count":21,"href":"https:\/\/www.selectirente.com\/en\/wp-json\/wp\/v2\/pages\/2412\/revisions"}],"predecessor-version":[{"id":7464,"href":"https:\/\/www.selectirente.com\/en\/wp-json\/wp\/v2\/pages\/2412\/revisions\/7464"}],"wp:attachment":[{"href":"https:\/\/www.selectirente.com\/en\/wp-json\/wp\/v2\/media?parent=2412"}],"curies":[{"name":"wp","href":"https:\/\/api.w.org\/{rel}","templated":true}]}}