{"id":2407,"date":"2017-12-04T13:01:34","date_gmt":"2017-12-04T12:01:34","guid":{"rendered":"http:\/\/www.selectirente.com\/agenda\/"},"modified":"2026-02-24T11:05:00","modified_gmt":"2026-02-24T10:05:00","slug":"financial-calendar","status":"publish","type":"page","link":"https:\/\/www.selectirente.com\/en\/financial-calendar\/","title":{"rendered":"Financial calendar"},"content":{"rendered":"<p>[vc_row][vc_column][vc_column_text]<\/p>\n<h3>SELECTIRENTE calendar of publications<\/h3>\n<ul>\n<li>February 12, 2026 (after market close) : 2026 Annual result<\/li>\n<li>May 5, 2026 (after market close) : 2026 First quarter activity<\/li>\n<li>May 28, 2026 : 2026 Annual General Meeting<\/li>\n<li>July 23, 2026 (after market close) : 2026 half-year result<\/li>\n<li>November 4, 2026 (after market close) : 2026 Third quarter activity<\/li>\n<\/ul>\n<p>[\/vc_column_text][\/vc_column][\/vc_row]<\/p>\n","protected":false},"excerpt":{"rendered":"<p>[vc_row][vc_column][vc_column_text] SELECTIRENTE calendar of publications February 12, 2026 (after market close) : 2026 Annual result May 5, 2026 (after market close) : 2026 First quarter activity May 28, 2026 : 2026 Annual General Meeting July 23, 2026 (after market close) : 2026 half-year result November 4, 2026 (after market close) : 2026 Third quarter activity [&hellip;]<\/p>\n","protected":false},"author":4,"featured_media":0,"parent":0,"menu_order":0,"comment_status":"closed","ping_status":"closed","template":"","meta":{"om_disable_all_campaigns":false,"footnotes":"","_links_to":"","_links_to_target":""},"class_list":["post-2407","page","type-page","status-publish","hentry","no-post-thumbnail"],"yoast_head":"<!-- This site is optimized with the Yoast SEO plugin v27.1.1 - https:\/\/yoast.com\/product\/yoast-seo-wordpress\/ -->\n<title>Financial calendar | Selectirente<\/title>\n<meta name=\"robots\" content=\"index, follow, max-snippet:-1, max-image-preview:large, max-video-preview:-1\" \/>\n<link rel=\"canonical\" href=\"https:\/\/www.selectirente.com\/en\/financial-calendar\/\" \/>\n<meta property=\"og:locale\" content=\"en_US\" \/>\n<meta property=\"og:type\" content=\"article\" \/>\n<meta property=\"og:title\" content=\"Financial calendar | Selectirente\" \/>\n<meta property=\"og:description\" content=\"[vc_row][vc_column][vc_column_text] SELECTIRENTE calendar of publications February 12, 2026 (after market close) : 2026 Annual result May 5, 2026 (after market close) : 2026 First quarter activity May 28, 2026 : 2026 Annual General Meeting July 23, 2026 (after market close) : 2026 half-year result November 4, 2026 (after market close) : 2026 Third quarter activity [&hellip;]\" \/>\n<meta property=\"og:url\" content=\"https:\/\/www.selectirente.com\/en\/financial-calendar\/\" \/>\n<meta property=\"og:site_name\" content=\"Selectirente\" \/>\n<meta property=\"article:modified_time\" content=\"2026-02-24T10:05:00+00:00\" \/>\n<meta name=\"twitter:card\" content=\"summary_large_image\" \/>\n<meta name=\"twitter:label1\" content=\"Est. reading time\" \/>\n\t<meta name=\"twitter:data1\" content=\"1 minute\" \/>\n<script type=\"application\/ld+json\" class=\"yoast-schema-graph\">{\"@context\":\"https:\/\/schema.org\",\"@graph\":[{\"@type\":\"WebPage\",\"@id\":\"https:\/\/www.selectirente.com\/en\/financial-calendar\/\",\"url\":\"https:\/\/www.selectirente.com\/en\/financial-calendar\/\",\"name\":\"Financial calendar | Selectirente\",\"isPartOf\":{\"@id\":\"https:\/\/www.selectirente.com\/#website\"},\"datePublished\":\"2017-12-04T12:01:34+00:00\",\"dateModified\":\"2026-02-24T10:05:00+00:00\",\"breadcrumb\":{\"@id\":\"https:\/\/www.selectirente.com\/en\/financial-calendar\/#breadcrumb\"},\"inLanguage\":\"en-US\",\"potentialAction\":[{\"@type\":\"ReadAction\",\"target\":[\"https:\/\/www.selectirente.com\/en\/financial-calendar\/\"]}]},{\"@type\":\"BreadcrumbList\",\"@id\":\"https:\/\/www.selectirente.com\/en\/financial-calendar\/#breadcrumb\",\"itemListElement\":[{\"@type\":\"ListItem\",\"position\":1,\"name\":\"Home\",\"item\":\"https:\/\/www.selectirente.com\/en\/\"},{\"@type\":\"ListItem\",\"position\":2,\"name\":\"Financial calendar\"}]},{\"@type\":\"WebSite\",\"@id\":\"https:\/\/www.selectirente.com\/#website\",\"url\":\"https:\/\/www.selectirente.com\/\",\"name\":\"Selectirente\",\"description\":\"Selectirente, la fonci\u00e8re sp\u00e9cialis\u00e9e en murs de commerces\",\"publisher\":{\"@id\":\"https:\/\/www.selectirente.com\/#organization\"},\"potentialAction\":[{\"@type\":\"SearchAction\",\"target\":{\"@type\":\"EntryPoint\",\"urlTemplate\":\"https:\/\/www.selectirente.com\/?s={search_term_string}\"},\"query-input\":{\"@type\":\"PropertyValueSpecification\",\"valueRequired\":true,\"valueName\":\"search_term_string\"}}],\"inLanguage\":\"en-US\"},{\"@type\":\"Organization\",\"@id\":\"https:\/\/www.selectirente.com\/#organization\",\"name\":\"Selectirente\",\"url\":\"https:\/\/www.selectirente.com\/\",\"logo\":{\"@type\":\"ImageObject\",\"inLanguage\":\"en-US\",\"@id\":\"https:\/\/www.selectirente.com\/#\/schema\/logo\/image\/\",\"url\":\"https:\/\/www.selectirente.com\/wp-content\/uploads\/2017\/10\/logo-selectirente.png\",\"contentUrl\":\"https:\/\/www.selectirente.com\/wp-content\/uploads\/2017\/10\/logo-selectirente.png\",\"width\":280,\"height\":35,\"caption\":\"Selectirente\"},\"image\":{\"@id\":\"https:\/\/www.selectirente.com\/#\/schema\/logo\/image\/\"}}]}<\/script>\n<!-- \/ Yoast SEO plugin. -->","yoast_head_json":{"title":"Financial calendar | Selectirente","robots":{"index":"index","follow":"follow","max-snippet":"max-snippet:-1","max-image-preview":"max-image-preview:large","max-video-preview":"max-video-preview:-1"},"canonical":"https:\/\/www.selectirente.com\/en\/financial-calendar\/","og_locale":"en_US","og_type":"article","og_title":"Financial calendar | Selectirente","og_description":"[vc_row][vc_column][vc_column_text] SELECTIRENTE calendar of publications February 12, 2026 (after market close) : 2026 Annual result May 5, 2026 (after market close) : 2026 First quarter activity May 28, 2026 : 2026 Annual General Meeting July 23, 2026 (after market close) : 2026 half-year result November 4, 2026 (after market close) : 2026 Third quarter activity [&hellip;]","og_url":"https:\/\/www.selectirente.com\/en\/financial-calendar\/","og_site_name":"Selectirente","article_modified_time":"2026-02-24T10:05:00+00:00","twitter_card":"summary_large_image","twitter_misc":{"Est. reading time":"1 minute"},"schema":{"@context":"https:\/\/schema.org","@graph":[{"@type":"WebPage","@id":"https:\/\/www.selectirente.com\/en\/financial-calendar\/","url":"https:\/\/www.selectirente.com\/en\/financial-calendar\/","name":"Financial calendar | Selectirente","isPartOf":{"@id":"https:\/\/www.selectirente.com\/#website"},"datePublished":"2017-12-04T12:01:34+00:00","dateModified":"2026-02-24T10:05:00+00:00","breadcrumb":{"@id":"https:\/\/www.selectirente.com\/en\/financial-calendar\/#breadcrumb"},"inLanguage":"en-US","potentialAction":[{"@type":"ReadAction","target":["https:\/\/www.selectirente.com\/en\/financial-calendar\/"]}]},{"@type":"BreadcrumbList","@id":"https:\/\/www.selectirente.com\/en\/financial-calendar\/#breadcrumb","itemListElement":[{"@type":"ListItem","position":1,"name":"Home","item":"https:\/\/www.selectirente.com\/en\/"},{"@type":"ListItem","position":2,"name":"Financial calendar"}]},{"@type":"WebSite","@id":"https:\/\/www.selectirente.com\/#website","url":"https:\/\/www.selectirente.com\/","name":"Selectirente","description":"Selectirente, la fonci\u00e8re sp\u00e9cialis\u00e9e en murs de commerces","publisher":{"@id":"https:\/\/www.selectirente.com\/#organization"},"potentialAction":[{"@type":"SearchAction","target":{"@type":"EntryPoint","urlTemplate":"https:\/\/www.selectirente.com\/?s={search_term_string}"},"query-input":{"@type":"PropertyValueSpecification","valueRequired":true,"valueName":"search_term_string"}}],"inLanguage":"en-US"},{"@type":"Organization","@id":"https:\/\/www.selectirente.com\/#organization","name":"Selectirente","url":"https:\/\/www.selectirente.com\/","logo":{"@type":"ImageObject","inLanguage":"en-US","@id":"https:\/\/www.selectirente.com\/#\/schema\/logo\/image\/","url":"https:\/\/www.selectirente.com\/wp-content\/uploads\/2017\/10\/logo-selectirente.png","contentUrl":"https:\/\/www.selectirente.com\/wp-content\/uploads\/2017\/10\/logo-selectirente.png","width":280,"height":35,"caption":"Selectirente"},"image":{"@id":"https:\/\/www.selectirente.com\/#\/schema\/logo\/image\/"}}]}},"_links":{"self":[{"href":"https:\/\/www.selectirente.com\/en\/wp-json\/wp\/v2\/pages\/2407","targetHints":{"allow":["GET"]}}],"collection":[{"href":"https:\/\/www.selectirente.com\/en\/wp-json\/wp\/v2\/pages"}],"about":[{"href":"https:\/\/www.selectirente.com\/en\/wp-json\/wp\/v2\/types\/page"}],"author":[{"embeddable":true,"href":"https:\/\/www.selectirente.com\/en\/wp-json\/wp\/v2\/users\/4"}],"replies":[{"embeddable":true,"href":"https:\/\/www.selectirente.com\/en\/wp-json\/wp\/v2\/comments?post=2407"}],"version-history":[{"count":21,"href":"https:\/\/www.selectirente.com\/en\/wp-json\/wp\/v2\/pages\/2407\/revisions"}],"predecessor-version":[{"id":7511,"href":"https:\/\/www.selectirente.com\/en\/wp-json\/wp\/v2\/pages\/2407\/revisions\/7511"}],"wp:attachment":[{"href":"https:\/\/www.selectirente.com\/en\/wp-json\/wp\/v2\/media?parent=2407"}],"curies":[{"name":"wp","href":"https:\/\/api.w.org\/{rel}","templated":true}]}}